{"id":54349,"date":"2023-12-12T12:49:12","date_gmt":"2023-12-12T11:49:12","guid":{"rendered":"https:\/\/pet-shopping.de\/shop\/produkt\/flexi-rollleine-new-comfort-gurt-3m-bis-12kg-blau\/"},"modified":"2023-12-12T12:49:12","modified_gmt":"2023-12-12T11:49:12","slug":"flexi-rollleine-new-comfort-gurt-3m-bis-12kg-blau","status":"publish","type":"product","link":"https:\/\/all-pets.de\/shop\/produkt\/flexi-rollleine-new-comfort-gurt-3m-bis-12kg-blau\/","title":{"rendered":"FLEXI Rollleine New COMFORT Gurt &#8211; 3m, bis 12kg &#8211; blau"},"content":{"rendered":"<ul>\n<li>mit Softgriff<\/li>\n<li>mit Kurzhub-Bremssystem<\/li>\n<li>Gr\u00f6\u00dfe XS<\/li>\n<li>L\u00e4nge: 3m<\/li>\n<li>Geeignet bis 12kg K\u00f6rpergewicht<\/li>\n<li>Farbe: blau<\/li>\n<\/ul>\n","protected":false},"excerpt":{"rendered":"<p>mit Softgriff mit Kurzhub-Bremssystem Gr\u00f6\u00dfe XS L\u00e4nge: 3m Geeignet bis 12kg K\u00f6rpergewicht Farbe: blau<\/p>\n","protected":false},"featured_media":35135,"comment_status":"closed","ping_status":"open","template":"","meta":[],"product_cat":[15321],"product_tag":[],"class_list":{"0":"post-54349","1":"product","2":"type-product","3":"status-publish","4":"has-post-thumbnail","6":"product_cat-roll-leinen","8":"first","9":"instock","10":"taxable","11":"shipping-taxable","12":"purchasable","13":"product-type-simple"},"_links":{"self":[{"href":"https:\/\/all-pets.de\/shop\/wp-json\/wp\/v2\/product\/54349","targetHints":{"allow":["GET"]}}],"collection":[{"href":"https:\/\/all-pets.de\/shop\/wp-json\/wp\/v2\/product"}],"about":[{"href":"https:\/\/all-pets.de\/shop\/wp-json\/wp\/v2\/types\/product"}],"replies":[{"embeddable":true,"href":"https:\/\/all-pets.de\/shop\/wp-json\/wp\/v2\/comments?post=54349"}],"wp:featuredmedia":[{"embeddable":true,"href":"https:\/\/all-pets.de\/shop\/wp-json\/wp\/v2\/media\/35135"}],"wp:attachment":[{"href":"https:\/\/all-pets.de\/shop\/wp-json\/wp\/v2\/media?parent=54349"}],"wp:term":[{"taxonomy":"product_cat","embeddable":true,"href":"https:\/\/all-pets.de\/shop\/wp-json\/wp\/v2\/product_cat?post=54349"},{"taxonomy":"product_tag","embeddable":true,"href":"https:\/\/all-pets.de\/shop\/wp-json\/wp\/v2\/product_tag?post=54349"}],"curies":[{"name":"wp","href":"https:\/\/api.w.org\/{rel}","templated":true}]}}