{"id":54372,"date":"2023-12-12T12:49:15","date_gmt":"2023-12-12T11:49:15","guid":{"rendered":"https:\/\/pet-shopping.de\/shop\/produkt\/klappbare-hundeliege-grau-camouflage\/"},"modified":"2023-12-12T12:49:16","modified_gmt":"2023-12-12T11:49:16","slug":"klappbare-hundeliege-grau-camouflage","status":"publish","type":"product","link":"https:\/\/all-pets.de\/shop\/produkt\/klappbare-hundeliege-grau-camouflage\/","title":{"rendered":"Klappbare Hundeliege &#8211; Grau Camouflage"},"content":{"rendered":"<p>Die praktische Hundeliege l\u00e4sst sich platzsparend zusammenklappen und eignet sich somit ideal auf dem Campingplatz, bei Ausfl\u00fcgen oder im Garten. Mit Aufbewahrungstasche.<\/p>\n<p>Sie eignet sich f\u00fcr Hunde bis zu 35kg K\u00f6rpergewicht.<\/p>\n<p>Ma\u00dfe: ca. 80 x 80 x 30 cm <br \/> Farbe: Grau Camouflage<\/p>\n","protected":false},"excerpt":{"rendered":"<p>Die praktische Hundeliege l\u00e4sst sich platzsparend zusammenklappen und eignet sich somit ideal auf dem Campingplatz, bei Ausfl\u00fcgen oder im Garten. Mit Aufbewahrungstasche. Sie eignet sich f\u00fcr Hunde bis zu 35kg K\u00f6rpergewicht. Ma\u00dfe: ca. 80 x 80 x 30 cm Farbe: Grau Camouflage<\/p>\n","protected":false},"featured_media":35415,"comment_status":"closed","ping_status":"open","template":"","meta":[],"product_cat":[14936],"product_tag":[],"class_list":{"0":"post-54372","1":"product","2":"type-product","3":"status-publish","4":"has-post-thumbnail","6":"product_cat-sofas","8":"first","9":"instock","10":"taxable","11":"shipping-taxable","12":"purchasable","13":"product-type-simple"},"_links":{"self":[{"href":"https:\/\/all-pets.de\/shop\/wp-json\/wp\/v2\/product\/54372","targetHints":{"allow":["GET"]}}],"collection":[{"href":"https:\/\/all-pets.de\/shop\/wp-json\/wp\/v2\/product"}],"about":[{"href":"https:\/\/all-pets.de\/shop\/wp-json\/wp\/v2\/types\/product"}],"replies":[{"embeddable":true,"href":"https:\/\/all-pets.de\/shop\/wp-json\/wp\/v2\/comments?post=54372"}],"wp:featuredmedia":[{"embeddable":true,"href":"https:\/\/all-pets.de\/shop\/wp-json\/wp\/v2\/media\/35415"}],"wp:attachment":[{"href":"https:\/\/all-pets.de\/shop\/wp-json\/wp\/v2\/media?parent=54372"}],"wp:term":[{"taxonomy":"product_cat","embeddable":true,"href":"https:\/\/all-pets.de\/shop\/wp-json\/wp\/v2\/product_cat?post=54372"},{"taxonomy":"product_tag","embeddable":true,"href":"https:\/\/all-pets.de\/shop\/wp-json\/wp\/v2\/product_tag?post=54372"}],"curies":[{"name":"wp","href":"https:\/\/api.w.org\/{rel}","templated":true}]}}