{"id":54390,"date":"2023-12-12T12:49:18","date_gmt":"2023-12-12T11:49:18","guid":{"rendered":"https:\/\/pet-shopping.de\/shop\/produkt\/trixie-kuehlmatte-soft-110-x-70-cm\/"},"modified":"2023-12-12T12:49:20","modified_gmt":"2023-12-12T11:49:20","slug":"trixie-kuehlmatte-soft-110-x-70-cm","status":"publish","type":"product","link":"https:\/\/all-pets.de\/shop\/produkt\/trixie-kuehlmatte-soft-110-x-70-cm\/","title":{"rendered":"Trixie K\u00fchlmatte Soft &#8211; 110 \u00d7 70 cm"},"content":{"rendered":"<ul>\n<li>Liegekomfort und lange K\u00fchldauer durch dicke F\u00fcllung<\/li>\n<li>2 cm Schaumstoff-\/Gel-F\u00fcllung<\/li>\n<li>Nylon-Haptik (Polyester)<\/li>\n<li>unterst\u00fctzt die Thermoregulation<\/li>\n<li>k\u00fchlende Wirkung durch K\u00f6rperkontakt<\/li>\n<li>ohne zus\u00e4tzliche K\u00fchlung, Strom oder Wasser<\/li>\n<li>k\u00fchlt f\u00fcr mehrere Stunden<\/li>\n<li>nach kurzer Nutzungsunterbrechung wieder einsatzbereit<\/li>\n<li>auch z. B. auf Betten, in Hundeh\u00fctten oder im Auto nutzbar<\/li>\n<li>zum Reinigen einfach abwischen<\/li>\n<li>tierschutzkonform nach \u00a7 18 (AT)<\/li>\n<li><strong>Zusammensetzung der K\u00fchlfl\u00fcssigkeit:<\/strong> Wasser, Carboxymethylcellulose sodium, Konservierungsstoffe<\/li>\n<li>Ma\u00dfe: ca. 110 x 70 cm<\/li>\n<\/ul>\n<div class=\"infotextWrap\">\n<p>Hinweis: Nicht in der Sonne verwenden. Nicht bei Temperaturen \u00fcber 45 \u00b0C nutzen oder lagern. Das enthaltene Gel k\u00f6nnte sich stark erhitzen sowie verfl\u00fcssigen und dadurch die K\u00fchlwirkung verlieren.<\/p>\n<p>Aufgrund von Temperaturschwankungen kann sich auf der K\u00fchlmatte Feuchtigkeit bilden. Daher empfehlen wir die Matte nicht zusammengefaltet oder im Originalkarton, sondern ausgebreitet zu lagern und ggf. mit einem Tuch zu trocknen.<\/p>\n<p>Die Haltbarkeit ist abh\u00e4ngig von der Lagerung und der Behandlung des Produktes.<\/p><\/div><\/p>\n","protected":false},"excerpt":{"rendered":"<p>Liegekomfort und lange K\u00fchldauer durch dicke F\u00fcllung 2 cm Schaumstoff-\/Gel-F\u00fcllung Nylon-Haptik (Polyester) unterst\u00fctzt die Thermoregulation k\u00fchlende Wirkung durch K\u00f6rperkontakt ohne zus\u00e4tzliche K\u00fchlung, Strom oder Wasser k\u00fchlt f\u00fcr mehrere Stunden nach kurzer Nutzungsunterbrechung wieder einsatzbereit auch z. B. auf Betten, in Hundeh\u00fctten oder im Auto nutzbar zum Reinigen einfach abwischen tierschutzkonform nach \u00a7 18 (AT) Zusammensetzung [&hellip;]<\/p>\n","protected":false},"featured_media":54391,"comment_status":"closed","ping_status":"open","template":"","meta":[],"product_cat":[15536],"product_tag":[],"class_list":{"0":"post-54390","1":"product","2":"type-product","3":"status-publish","4":"has-post-thumbnail","6":"product_cat-kuehlmatten-katzenbetten-katzenkoerbe-kuehlmattenkatzenwelt","8":"first","9":"instock","10":"taxable","11":"shipping-taxable","12":"purchasable","13":"product-type-simple"},"_links":{"self":[{"href":"https:\/\/all-pets.de\/shop\/wp-json\/wp\/v2\/product\/54390","targetHints":{"allow":["GET"]}}],"collection":[{"href":"https:\/\/all-pets.de\/shop\/wp-json\/wp\/v2\/product"}],"about":[{"href":"https:\/\/all-pets.de\/shop\/wp-json\/wp\/v2\/types\/product"}],"replies":[{"embeddable":true,"href":"https:\/\/all-pets.de\/shop\/wp-json\/wp\/v2\/comments?post=54390"}],"wp:featuredmedia":[{"embeddable":true,"href":"https:\/\/all-pets.de\/shop\/wp-json\/wp\/v2\/media\/54391"}],"wp:attachment":[{"href":"https:\/\/all-pets.de\/shop\/wp-json\/wp\/v2\/media?parent=54390"}],"wp:term":[{"taxonomy":"product_cat","embeddable":true,"href":"https:\/\/all-pets.de\/shop\/wp-json\/wp\/v2\/product_cat?post=54390"},{"taxonomy":"product_tag","embeddable":true,"href":"https:\/\/all-pets.de\/shop\/wp-json\/wp\/v2\/product_tag?post=54390"}],"curies":[{"name":"wp","href":"https:\/\/api.w.org\/{rel}","templated":true}]}}