{"id":54399,"date":"2023-12-12T12:49:22","date_gmt":"2023-12-12T11:49:22","guid":{"rendered":"https:\/\/pet-shopping.de\/shop\/produkt\/trixie-reflektierendes-sicherheitsband-38-cm\/"},"modified":"2023-12-12T12:49:22","modified_gmt":"2023-12-12T11:49:22","slug":"trixie-reflektierendes-sicherheitsband-38-cm","status":"publish","type":"product","link":"https:\/\/all-pets.de\/shop\/produkt\/trixie-reflektierendes-sicherheitsband-38-cm\/","title":{"rendered":"Trixie Reflektierendes Sicherheitsband &#8211; 38 cm"},"content":{"rendered":"<p>Universell einsetzbares Band mit reflektierenden Streifen. F\u00fcr mehr Sicherheit im Dunkeln. Mit Klettverschluss zu verschlie\u00dfen.<\/p>\n<p>L\u00e4nge: ca. 38 cm<br \/> Breite: ca. 2 cm<\/p>\n<p>Diverse Farben. Eine Farbwahl ist leider nicht m\u00f6glich, da die Farbe je nach Lagerbestand gew\u00e4hlt wird.<\/p>\n","protected":false},"excerpt":{"rendered":"<p>Universell einsetzbares Band mit reflektierenden Streifen. F\u00fcr mehr Sicherheit im Dunkeln. Mit Klettverschluss zu verschlie\u00dfen. L\u00e4nge: ca. 38 cm Breite: ca. 2 cm Diverse Farben. Eine Farbwahl ist leider nicht m\u00f6glich, da die Farbe je nach Lagerbestand gew\u00e4hlt wird.<\/p>\n","protected":false},"featured_media":35449,"comment_status":"closed","ping_status":"open","template":"","meta":[],"product_cat":[13939],"product_tag":[],"class_list":{"0":"post-54399","1":"product","2":"type-product","3":"status-publish","4":"has-post-thumbnail","6":"product_cat-reflektierend","8":"first","9":"instock","10":"taxable","11":"shipping-taxable","12":"purchasable","13":"product-type-simple"},"_links":{"self":[{"href":"https:\/\/all-pets.de\/shop\/wp-json\/wp\/v2\/product\/54399","targetHints":{"allow":["GET"]}}],"collection":[{"href":"https:\/\/all-pets.de\/shop\/wp-json\/wp\/v2\/product"}],"about":[{"href":"https:\/\/all-pets.de\/shop\/wp-json\/wp\/v2\/types\/product"}],"replies":[{"embeddable":true,"href":"https:\/\/all-pets.de\/shop\/wp-json\/wp\/v2\/comments?post=54399"}],"wp:featuredmedia":[{"embeddable":true,"href":"https:\/\/all-pets.de\/shop\/wp-json\/wp\/v2\/media\/35449"}],"wp:attachment":[{"href":"https:\/\/all-pets.de\/shop\/wp-json\/wp\/v2\/media?parent=54399"}],"wp:term":[{"taxonomy":"product_cat","embeddable":true,"href":"https:\/\/all-pets.de\/shop\/wp-json\/wp\/v2\/product_cat?post=54399"},{"taxonomy":"product_tag","embeddable":true,"href":"https:\/\/all-pets.de\/shop\/wp-json\/wp\/v2\/product_tag?post=54399"}],"curies":[{"name":"wp","href":"https:\/\/api.w.org\/{rel}","templated":true}]}}