{"id":54407,"date":"2023-12-12T12:49:22","date_gmt":"2023-12-12T11:49:22","guid":{"rendered":"https:\/\/pet-shopping.de\/shop\/produkt\/karlie-flamingo-katzentoilette-mit-rand-arist-o-tray-hawai-57-x-43-x-165-cm\/"},"modified":"2023-12-12T12:49:23","modified_gmt":"2023-12-12T11:49:23","slug":"karlie-flamingo-katzentoilette-mit-rand-arist-o-tray-hawai-57-x-43-x-165-cm","status":"publish","type":"product","link":"https:\/\/all-pets.de\/shop\/produkt\/karlie-flamingo-katzentoilette-mit-rand-arist-o-tray-hawai-57-x-43-x-165-cm\/","title":{"rendered":"Karlie Flamingo Katzentoilette mit Rand Arist-O-Tray Hawai &#8211; 57 x 43 x 16,5 cm"},"content":{"rendered":"<p>Die Katzentoilette Arist-O-Tray Hawai mit Rand bringt mit ihren strahlenden Farben Hawai-Feeling zu Ihnen nach Hause.<\/p>\n<p>Diverse Farben. Eine Farbwahl ist leider nicht m\u00f6glich, da die Farbe je nach Lagerbestand gew\u00e4hlt wird.<\/p>\n<p> Gr\u00f6\u00dfe: 57 x 43 x 16,5 cm (LxBxH)<\/p>\n","protected":false},"excerpt":{"rendered":"<p>Die Katzentoilette Arist-O-Tray Hawai mit Rand bringt mit ihren strahlenden Farben Hawai-Feeling zu Ihnen nach Hause. Diverse Farben. Eine Farbwahl ist leider nicht m\u00f6glich, da die Farbe je nach Lagerbestand gew\u00e4hlt wird. Gr\u00f6\u00dfe: 57 x 43 x 16,5 cm (LxBxH)<\/p>\n","protected":false},"featured_media":35482,"comment_status":"closed","ping_status":"open","template":"","meta":[],"product_cat":[14798],"product_tag":[],"class_list":{"0":"post-54407","1":"product","2":"type-product","3":"status-publish","4":"has-post-thumbnail","6":"product_cat-katzentoiletten-toiletten-katzenstreu-toiletten-katzenstreukatzenwelt","8":"first","9":"instock","10":"taxable","11":"shipping-taxable","12":"purchasable","13":"product-type-simple"},"_links":{"self":[{"href":"https:\/\/all-pets.de\/shop\/wp-json\/wp\/v2\/product\/54407","targetHints":{"allow":["GET"]}}],"collection":[{"href":"https:\/\/all-pets.de\/shop\/wp-json\/wp\/v2\/product"}],"about":[{"href":"https:\/\/all-pets.de\/shop\/wp-json\/wp\/v2\/types\/product"}],"replies":[{"embeddable":true,"href":"https:\/\/all-pets.de\/shop\/wp-json\/wp\/v2\/comments?post=54407"}],"wp:featuredmedia":[{"embeddable":true,"href":"https:\/\/all-pets.de\/shop\/wp-json\/wp\/v2\/media\/35482"}],"wp:attachment":[{"href":"https:\/\/all-pets.de\/shop\/wp-json\/wp\/v2\/media?parent=54407"}],"wp:term":[{"taxonomy":"product_cat","embeddable":true,"href":"https:\/\/all-pets.de\/shop\/wp-json\/wp\/v2\/product_cat?post=54407"},{"taxonomy":"product_tag","embeddable":true,"href":"https:\/\/all-pets.de\/shop\/wp-json\/wp\/v2\/product_tag?post=54407"}],"curies":[{"name":"wp","href":"https:\/\/api.w.org\/{rel}","templated":true}]}}