{"id":54422,"date":"2023-12-12T12:49:27","date_gmt":"2023-12-12T11:49:27","guid":{"rendered":"https:\/\/pet-shopping.de\/shop\/produkt\/lebon-hundebett-lea-grau-120-x-90cm\/"},"modified":"2023-12-12T12:49:28","modified_gmt":"2023-12-12T11:49:28","slug":"lebon-hundebett-lea-grau-120-x-90cm","status":"publish","type":"product","link":"https:\/\/all-pets.de\/shop\/produkt\/lebon-hundebett-lea-grau-120-x-90cm\/","title":{"rendered":"Lebon Hundebett Lea &#8211; Grau &#8211; 120 x 90cm"},"content":{"rendered":"<p>Die kuscheligen Hundebetten &#8222;Lea&#8220;, bieten Ihrem Liebling einen schonenden und gem\u00fctlichen Liegeplatz. Der hochwertige Stoff bietet eine angenehme und weiche Liegefl\u00e4che. Der weiche Schaumstoff sch\u00fctzt vor Bodenk\u00e4lte und schont die Gelenke bei harten B\u00f6den. Durch den eleganten Einstieg und die edle wei\u00dfe Umrandung ist dieses Bett ein absoluter Hingucker.<\/p>\n<ul>\n<li>Hochwertige Verarbeitung<\/li>\n<li>Edle Wildleder-Optik<\/li>\n<li>Angenehm weicher Stoff<\/li>\n<li>Stabil und formbest\u00e4ndig<\/li>\n<li>Gelenkschonende Liegefl\u00e4che<\/li>\n<li>Pflegeleicht<\/li>\n<li>Maschinenwaschbar<\/li>\n<li>Mit Rei\u00dfverschluss <\/li>\n<\/ul>\n<p>Au\u00dfenma\u00dfe: ca. 120 x 90cm<\/p>\n<p>Innenma\u00dfe: ca. 84 x 55cm<\/p>\n<p>H\u00f6he: ca. 23cm<\/p>\n","protected":false},"excerpt":{"rendered":"<p>Die kuscheligen Hundebetten &#8222;Lea&#8220;, bieten Ihrem Liebling einen schonenden und gem\u00fctlichen Liegeplatz. Der hochwertige Stoff bietet eine angenehme und weiche Liegefl\u00e4che. Der weiche Schaumstoff sch\u00fctzt vor Bodenk\u00e4lte und schont die Gelenke bei harten B\u00f6den. Durch den eleganten Einstieg und die edle wei\u00dfe Umrandung ist dieses Bett ein absoluter Hingucker. Hochwertige Verarbeitung Edle Wildleder-Optik Angenehm weicher [&hellip;]<\/p>\n","protected":false},"featured_media":35554,"comment_status":"closed","ping_status":"open","template":"","meta":[],"product_cat":[15113],"product_tag":[],"class_list":{"0":"post-54422","1":"product","2":"type-product","3":"status-publish","4":"has-post-thumbnail","6":"product_cat-hundebetten-hundekissen-betten-koerbe","8":"first","9":"instock","10":"taxable","11":"shipping-taxable","12":"purchasable","13":"product-type-simple"},"_links":{"self":[{"href":"https:\/\/all-pets.de\/shop\/wp-json\/wp\/v2\/product\/54422","targetHints":{"allow":["GET"]}}],"collection":[{"href":"https:\/\/all-pets.de\/shop\/wp-json\/wp\/v2\/product"}],"about":[{"href":"https:\/\/all-pets.de\/shop\/wp-json\/wp\/v2\/types\/product"}],"replies":[{"embeddable":true,"href":"https:\/\/all-pets.de\/shop\/wp-json\/wp\/v2\/comments?post=54422"}],"wp:featuredmedia":[{"embeddable":true,"href":"https:\/\/all-pets.de\/shop\/wp-json\/wp\/v2\/media\/35554"}],"wp:attachment":[{"href":"https:\/\/all-pets.de\/shop\/wp-json\/wp\/v2\/media?parent=54422"}],"wp:term":[{"taxonomy":"product_cat","embeddable":true,"href":"https:\/\/all-pets.de\/shop\/wp-json\/wp\/v2\/product_cat?post=54422"},{"taxonomy":"product_tag","embeddable":true,"href":"https:\/\/all-pets.de\/shop\/wp-json\/wp\/v2\/product_tag?post=54422"}],"curies":[{"name":"wp","href":"https:\/\/api.w.org\/{rel}","templated":true}]}}