{"id":54424,"date":"2023-12-12T12:49:27","date_gmt":"2023-12-12T11:49:27","guid":{"rendered":"https:\/\/pet-shopping.de\/shop\/produkt\/trixie-be-nordic-keramiknapf-grau-14-l-o-20-cm\/"},"modified":"2023-12-12T12:49:28","modified_gmt":"2023-12-12T11:49:28","slug":"trixie-be-nordic-keramiknapf-grau-14-l-o-20-cm","status":"publish","type":"product","link":"https:\/\/all-pets.de\/shop\/produkt\/trixie-be-nordic-keramiknapf-grau-14-l-o-20-cm\/","title":{"rendered":"Trixie BE NORDIC Keramiknapf &#8211; grau &#8211; 1,4 l\/\u00f8 20 cm"},"content":{"rendered":"<p>Sch\u00f6ner Keramiknapf mit Moin-Schriftzug am Napfboden.<\/p>\n<ul>\n<li>Fassungsverm\u00f6gen: ca. 1,4 l<\/li>\n<li>Durchmesser: ca. 20 cm<\/li>\n<\/ul>\n<p>Aus dem Verkauf der Serie unterst\u00fctzt TRIXIE Meeresschutzprojekte und leistet damit einen Beitrag zum Natur- und Artenschutz.<\/p>\n","protected":false},"excerpt":{"rendered":"<p>Sch\u00f6ner Keramiknapf mit Moin-Schriftzug am Napfboden. Fassungsverm\u00f6gen: ca. 1,4 l Durchmesser: ca. 20 cm Aus dem Verkauf der Serie unterst\u00fctzt TRIXIE Meeresschutzprojekte und leistet damit einen Beitrag zum Natur- und Artenschutz.<\/p>\n","protected":false},"featured_media":54425,"comment_status":"closed","ping_status":"open","template":"","meta":[],"product_cat":[14136],"product_tag":[],"class_list":{"0":"post-54424","1":"product","2":"type-product","3":"status-publish","4":"has-post-thumbnail","6":"product_cat-futter-wassernaepfe-katzennaepfe-traenken-futter-wassernaepfekatzenwelt-hundenaepfe-traenken","8":"first","9":"instock","10":"taxable","11":"shipping-taxable","12":"purchasable","13":"product-type-simple"},"_links":{"self":[{"href":"https:\/\/all-pets.de\/shop\/wp-json\/wp\/v2\/product\/54424","targetHints":{"allow":["GET"]}}],"collection":[{"href":"https:\/\/all-pets.de\/shop\/wp-json\/wp\/v2\/product"}],"about":[{"href":"https:\/\/all-pets.de\/shop\/wp-json\/wp\/v2\/types\/product"}],"replies":[{"embeddable":true,"href":"https:\/\/all-pets.de\/shop\/wp-json\/wp\/v2\/comments?post=54424"}],"wp:featuredmedia":[{"embeddable":true,"href":"https:\/\/all-pets.de\/shop\/wp-json\/wp\/v2\/media\/54425"}],"wp:attachment":[{"href":"https:\/\/all-pets.de\/shop\/wp-json\/wp\/v2\/media?parent=54424"}],"wp:term":[{"taxonomy":"product_cat","embeddable":true,"href":"https:\/\/all-pets.de\/shop\/wp-json\/wp\/v2\/product_cat?post=54424"},{"taxonomy":"product_tag","embeddable":true,"href":"https:\/\/all-pets.de\/shop\/wp-json\/wp\/v2\/product_tag?post=54424"}],"curies":[{"name":"wp","href":"https:\/\/api.w.org\/{rel}","templated":true}]}}