{"id":54437,"date":"2023-12-12T12:49:31","date_gmt":"2023-12-12T11:49:31","guid":{"rendered":"https:\/\/pet-shopping.de\/shop\/produkt\/trixie-xmas-fleeceschal-grau-weiss-l-90-cm\/"},"modified":"2023-12-12T12:49:31","modified_gmt":"2023-12-12T11:49:31","slug":"trixie-xmas-fleeceschal-grau-weiss-l-90-cm","status":"publish","type":"product","link":"https:\/\/all-pets.de\/shop\/produkt\/trixie-xmas-fleeceschal-grau-weiss-l-90-cm\/","title":{"rendered":"Trixie Xmas Fleeceschal &#8211; grau\/wei\u00df &#8211; L \/ 90 cm"},"content":{"rendered":"<p>Mit dem kuscheligen Schal aus Fleece kommt erst so richtige Weihnachtsstimmung auf. Und warm h\u00e4lt das modische Teil selbstverst\u00e4ndlich auch! Mit tollem weihnachtlichem Rentiermuster in grau-wei\u00df.<\/p>\n<p>Gesamtl\u00e4nge: ca. 90 cm<\/p>\n","protected":false},"excerpt":{"rendered":"<p>Mit dem kuscheligen Schal aus Fleece kommt erst so richtige Weihnachtsstimmung auf. Und warm h\u00e4lt das modische Teil selbstverst\u00e4ndlich auch! Mit tollem weihnachtlichem Rentiermuster in grau-wei\u00df. Gesamtl\u00e4nge: ca. 90 cm<\/p>\n","protected":false},"featured_media":35581,"comment_status":"closed","ping_status":"open","template":"","meta":[],"product_cat":[15749],"product_tag":[],"class_list":{"0":"post-54437","1":"product","2":"type-product","3":"status-publish","4":"has-post-thumbnail","6":"product_cat-funktions-kleidung-unterwegs-funktions-kleidunghundewelt-hundebekleidung-katzen-x-mashundewelt-hunde-x-maskatzenwelt-hundewelt","8":"first","9":"instock","10":"taxable","11":"shipping-taxable","12":"purchasable","13":"product-type-simple"},"_links":{"self":[{"href":"https:\/\/all-pets.de\/shop\/wp-json\/wp\/v2\/product\/54437","targetHints":{"allow":["GET"]}}],"collection":[{"href":"https:\/\/all-pets.de\/shop\/wp-json\/wp\/v2\/product"}],"about":[{"href":"https:\/\/all-pets.de\/shop\/wp-json\/wp\/v2\/types\/product"}],"replies":[{"embeddable":true,"href":"https:\/\/all-pets.de\/shop\/wp-json\/wp\/v2\/comments?post=54437"}],"wp:featuredmedia":[{"embeddable":true,"href":"https:\/\/all-pets.de\/shop\/wp-json\/wp\/v2\/media\/35581"}],"wp:attachment":[{"href":"https:\/\/all-pets.de\/shop\/wp-json\/wp\/v2\/media?parent=54437"}],"wp:term":[{"taxonomy":"product_cat","embeddable":true,"href":"https:\/\/all-pets.de\/shop\/wp-json\/wp\/v2\/product_cat?post=54437"},{"taxonomy":"product_tag","embeddable":true,"href":"https:\/\/all-pets.de\/shop\/wp-json\/wp\/v2\/product_tag?post=54437"}],"curies":[{"name":"wp","href":"https:\/\/api.w.org\/{rel}","templated":true}]}}