{"id":54438,"date":"2023-12-12T12:49:31","date_gmt":"2023-12-12T11:49:31","guid":{"rendered":"https:\/\/pet-shopping.de\/shop\/produkt\/trixie-natural-living-weidenball-klein\/"},"modified":"2023-12-12T12:49:31","modified_gmt":"2023-12-12T11:49:31","slug":"trixie-natural-living-weidenball-klein","status":"publish","type":"product","link":"https:\/\/all-pets.de\/shop\/produkt\/trixie-natural-living-weidenball-klein\/","title":{"rendered":"Trixie Natural Living Weidenball &#8211; Klein"},"content":{"rendered":"<ul>\n<li> mit Holzhaken und Strohb\u00e4ndern <\/li>\n<li> gef\u00fcllt mit nat\u00fcrlichem Nistmaterial (verdaulich) <\/li>\n<li> zu 100 % aus Naturmaterialien <\/li>\n<\/ul>\n<p>Diese Variante eignet sich z.B. f\u00fcr Wellensittiche und Kanarien.<\/p>\n<p> Ma\u00dfe: \u00f8 5,5 cm\/18 cm<\/p>\n","protected":false},"excerpt":{"rendered":"<p>mit Holzhaken und Strohb\u00e4ndern gef\u00fcllt mit nat\u00fcrlichem Nistmaterial (verdaulich) zu 100 % aus Naturmaterialien Diese Variante eignet sich z.B. f\u00fcr Wellensittiche und Kanarien. Ma\u00dfe: \u00f8 5,5 cm\/18 cm<\/p>\n","protected":false},"featured_media":35600,"comment_status":"closed","ping_status":"open","template":"","meta":[],"product_cat":[15750],"product_tag":[],"class_list":{"0":"post-54438","1":"product","2":"type-product","3":"status-publish","4":"has-post-thumbnail","6":"product_cat-nester-nistmaterial-ausstattung-zubehoer-spielzeugvogelwelt","8":"first","9":"instock","10":"taxable","11":"shipping-taxable","12":"purchasable","13":"product-type-simple"},"_links":{"self":[{"href":"https:\/\/all-pets.de\/shop\/wp-json\/wp\/v2\/product\/54438","targetHints":{"allow":["GET"]}}],"collection":[{"href":"https:\/\/all-pets.de\/shop\/wp-json\/wp\/v2\/product"}],"about":[{"href":"https:\/\/all-pets.de\/shop\/wp-json\/wp\/v2\/types\/product"}],"replies":[{"embeddable":true,"href":"https:\/\/all-pets.de\/shop\/wp-json\/wp\/v2\/comments?post=54438"}],"wp:featuredmedia":[{"embeddable":true,"href":"https:\/\/all-pets.de\/shop\/wp-json\/wp\/v2\/media\/35600"}],"wp:attachment":[{"href":"https:\/\/all-pets.de\/shop\/wp-json\/wp\/v2\/media?parent=54438"}],"wp:term":[{"taxonomy":"product_cat","embeddable":true,"href":"https:\/\/all-pets.de\/shop\/wp-json\/wp\/v2\/product_cat?post=54438"},{"taxonomy":"product_tag","embeddable":true,"href":"https:\/\/all-pets.de\/shop\/wp-json\/wp\/v2\/product_tag?post=54438"}],"curies":[{"name":"wp","href":"https:\/\/api.w.org\/{rel}","templated":true}]}}