{"id":54443,"date":"2023-12-12T12:49:31","date_gmt":"2023-12-12T11:49:31","guid":{"rendered":"https:\/\/pet-shopping.de\/shop\/produkt\/trixie-kunststoff-laufrad-28-cm\/"},"modified":"2023-12-12T12:49:32","modified_gmt":"2023-12-12T11:49:32","slug":"trixie-kunststoff-laufrad-28-cm","status":"publish","type":"product","link":"https:\/\/all-pets.de\/shop\/produkt\/trixie-kunststoff-laufrad-28-cm\/","title":{"rendered":"Trixie Kunststoff-Laufrad &#8211; 28 cm"},"content":{"rendered":"<p>Diese neuartigen Kunststoff-Laufr\u00e4der sind besonders leichtg\u00e4ngig und leise. Durch den gro\u00dfen Laufraddurchmesser wird die Wirbels\u00e4ule der Tiere geschont. Die geschlossene Lauffl\u00e4che mit Querverstrebungen sorgt f\u00fcr sicheren Halt beim Laufen, der Sicherheitsst\u00e4nder und die geschlossene R\u00fcckwand verhindern ein Einklemmen des Tieres. <\/p>\n<p> Das Laufrad kann entweder freistehend verwendet werden oder ins K\u00e4figgitter eingehangen werden. Die Kunststoffabdeckung vorne kann einfach abgenommen werden und macht die Reinigung des Laufrades so ganz einfach.<\/p>\n<p>Mit einem Durchmesser von 28 cm eignet sich dieses Laufrad f\u00fcr Hamster, Degus und \u00e4hnlich gro\u00dfe Nager.<\/p>\n<p><font size=\"1\">(Eine Farbwahl ist leider nicht m\u00f6glich, da die Farbe je nach Lagerbestand gew\u00e4hlt wird.)<\/font><\/p>\n","protected":false},"excerpt":{"rendered":"<p>Diese neuartigen Kunststoff-Laufr\u00e4der sind besonders leichtg\u00e4ngig und leise. Durch den gro\u00dfen Laufraddurchmesser wird die Wirbels\u00e4ule der Tiere geschont. Die geschlossene Lauffl\u00e4che mit Querverstrebungen sorgt f\u00fcr sicheren Halt beim Laufen, der Sicherheitsst\u00e4nder und die geschlossene R\u00fcckwand verhindern ein Einklemmen des Tieres. Das Laufrad kann entweder freistehend verwendet werden oder ins K\u00e4figgitter eingehangen werden. Die Kunststoffabdeckung vorne [&hellip;]<\/p>\n","protected":false},"featured_media":54444,"comment_status":"closed","ping_status":"open","template":"","meta":[],"product_cat":[15082],"product_tag":[],"class_list":{"0":"post-54443","1":"product","2":"type-product","3":"status-publish","4":"has-post-thumbnail","6":"product_cat-laufraeder-ausstattung-zubehoer-kleintierwelt","8":"first","9":"instock","10":"taxable","11":"shipping-taxable","12":"purchasable","13":"product-type-simple"},"_links":{"self":[{"href":"https:\/\/all-pets.de\/shop\/wp-json\/wp\/v2\/product\/54443","targetHints":{"allow":["GET"]}}],"collection":[{"href":"https:\/\/all-pets.de\/shop\/wp-json\/wp\/v2\/product"}],"about":[{"href":"https:\/\/all-pets.de\/shop\/wp-json\/wp\/v2\/types\/product"}],"replies":[{"embeddable":true,"href":"https:\/\/all-pets.de\/shop\/wp-json\/wp\/v2\/comments?post=54443"}],"wp:featuredmedia":[{"embeddable":true,"href":"https:\/\/all-pets.de\/shop\/wp-json\/wp\/v2\/media\/54444"}],"wp:attachment":[{"href":"https:\/\/all-pets.de\/shop\/wp-json\/wp\/v2\/media?parent=54443"}],"wp:term":[{"taxonomy":"product_cat","embeddable":true,"href":"https:\/\/all-pets.de\/shop\/wp-json\/wp\/v2\/product_cat?post=54443"},{"taxonomy":"product_tag","embeddable":true,"href":"https:\/\/all-pets.de\/shop\/wp-json\/wp\/v2\/product_tag?post=54443"}],"curies":[{"name":"wp","href":"https:\/\/api.w.org\/{rel}","templated":true}]}}