{"id":54454,"date":"2023-12-12T12:49:31","date_gmt":"2023-12-12T11:49:31","guid":{"rendered":"https:\/\/pet-shopping.de\/shop\/produkt\/karlie-sicherheitsweste-night-walk-s\/"},"modified":"2023-12-12T12:49:34","modified_gmt":"2023-12-12T11:49:34","slug":"karlie-sicherheitsweste-night-walk-s","status":"publish","type":"product","link":"https:\/\/all-pets.de\/shop\/produkt\/karlie-sicherheitsweste-night-walk-s\/","title":{"rendered":"Karlie Sicherheitsweste Night Walk &#8211; S"},"content":{"rendered":"<p>Sicher unterwegs! Dank dieser Neonweste mit reflektierenden B\u00e4ndern und Pfoten ist Ihr Hund auch w\u00e4hrend Spazierg\u00e4ngen im Dunkeln gut zu sehen.<\/p>\n<p>Mittels der Klettverschl\u00fcsse an Hals und Bauch ist die Weste gut anzupassen.<\/p>\n<p>Gr\u00f6\u00dfe S = R\u00fcckenl\u00e4nge ca. 24 cm <\/p>\n","protected":false},"excerpt":{"rendered":"<p>Sicher unterwegs! Dank dieser Neonweste mit reflektierenden B\u00e4ndern und Pfoten ist Ihr Hund auch w\u00e4hrend Spazierg\u00e4ngen im Dunkeln gut zu sehen. Mittels der Klettverschl\u00fcsse an Hals und Bauch ist die Weste gut anzupassen. Gr\u00f6\u00dfe S = R\u00fcckenl\u00e4nge ca. 24 cm<\/p>\n","protected":false},"featured_media":35647,"comment_status":"closed","ping_status":"open","template":"","meta":[],"product_cat":[15752],"product_tag":[],"class_list":{"0":"post-54454","1":"product","2":"type-product","3":"status-publish","4":"has-post-thumbnail","6":"product_cat-funktions-kleidung-hundebekleidung-sicherheithundewelt","8":"first","9":"instock","10":"taxable","11":"shipping-taxable","12":"purchasable","13":"product-type-simple"},"_links":{"self":[{"href":"https:\/\/all-pets.de\/shop\/wp-json\/wp\/v2\/product\/54454","targetHints":{"allow":["GET"]}}],"collection":[{"href":"https:\/\/all-pets.de\/shop\/wp-json\/wp\/v2\/product"}],"about":[{"href":"https:\/\/all-pets.de\/shop\/wp-json\/wp\/v2\/types\/product"}],"replies":[{"embeddable":true,"href":"https:\/\/all-pets.de\/shop\/wp-json\/wp\/v2\/comments?post=54454"}],"wp:featuredmedia":[{"embeddable":true,"href":"https:\/\/all-pets.de\/shop\/wp-json\/wp\/v2\/media\/35647"}],"wp:attachment":[{"href":"https:\/\/all-pets.de\/shop\/wp-json\/wp\/v2\/media?parent=54454"}],"wp:term":[{"taxonomy":"product_cat","embeddable":true,"href":"https:\/\/all-pets.de\/shop\/wp-json\/wp\/v2\/product_cat?post=54454"},{"taxonomy":"product_tag","embeddable":true,"href":"https:\/\/all-pets.de\/shop\/wp-json\/wp\/v2\/product_tag?post=54454"}],"curies":[{"name":"wp","href":"https:\/\/api.w.org\/{rel}","templated":true}]}}