{"id":54460,"date":"2023-12-12T12:49:35","date_gmt":"2023-12-12T11:49:35","guid":{"rendered":"https:\/\/pet-shopping.de\/shop\/produkt\/wild-dinner-truthahn-getreidefrei-500-g\/"},"modified":"2023-12-12T12:49:36","modified_gmt":"2023-12-12T11:49:36","slug":"wild-dinner-truthahn-getreidefrei-500-g","status":"publish","type":"product","link":"https:\/\/all-pets.de\/shop\/produkt\/wild-dinner-truthahn-getreidefrei-500-g\/","title":{"rendered":"Wild Dinner Truthahn &#8211; Getreidefrei &#8211; 500 g"},"content":{"rendered":"<p>Pet-Star Wild Dinner &#8211; Premium Dog Food<\/p>\n<p><b>Truthahn mit Kartoffel und Kichererbsen<br \/>Getreidefrei &#8211; Grain Free<\/b><\/p>\n<p>Alleinfuttermittel f\u00fcr Hunde jeden Alters<\/p>\n<p>&#8211; Hoher Fleischanteil<br \/>&#8211; Frei von Gentechnik<br \/>&#8211; Hypoallergen<br \/>&#8211; Sensible Verdauung<br \/>&#8211; Keine k\u00fcnstlichen Farb- und Konservierungsstoffe<br \/>&#8211; Gluten-frei<\/p>\n<p>Zusammensetzung: Truthahnmehl 38%, Kartoffelmehl 32,12%, H\u00fchnerfett 10,4%, Kichererbsenmehl 10%, R\u00fcbenschnitzel 6%, Leberbr\u00fche 2%, Ingwerpulver 0,05%, Kr\u00e4uter und Gew\u00fcrze 0,05%<\/p>\n<p>Technologische Zusatzstoffe: Nat\u00fcrliche Antioxidantien, Tocopherol-Extrakte aus Pflanzen\u00f6len (1b306i), Konservierungsmittel &#8211; Schimmelpilzblocker<\/p>\n<p>Probiotische Zusatzstoffe: Enterococcus faecium NCIMB 10415 (4b1705) 7 x 10\u00b9\u00b9 CFU per 1 kg<\/p>\n<p>Analytische Bestandteile: Feuchtigkeit 9,00 %, Rohprotein 26,00 %, Fasern 3,120 %, Kalzium 1,823 %, Phosphor 0,944 %, Chloride 0,579 %, Fette 13,50 %, Rohasche 8,00 %<\/p>\n<p>Ern\u00e4hrungsphysiologische Zusatzstoffe pro kg: Vitamin A (Retinyl Acetat)(3a672a)18000 IU, Vitamin D3 (Cholecalciferol)(3a671) 1200 IU, Vitamin E (DL-a-Tocopherylacetat)(3a700) 300 mg, Vitamin K3 (als MNB) (3a711) 2 mg, Vitamin B1 (Thiaminmononitrat)(3a821) 6 mg, Vitamin B2 (Riboflavin)(3a825ii) 30 mg, Pantothens\u00e4ure (Ca-D-Pantothenat)(3a841) 80 mg, Vitamin B6 (Pyridoxin)(3a831) 30 mg, Vitamin B12 (Cyanocobalamin) 0,08 mg, Vitamin C (Natriumcalciumascorbyl phosphat)(3a312) 150 mg, Niacin (Nicotins\u00e4ure)(3a314) 100 mg, Fols\u00e4ure S\u00e4ure (3a316) 1,5 mg, Biotin (3a880) 5 mg, Cholinchlorid (3a890) 1000 mg, Eisen (Eisen(II)-Sulfat-Monohydrat (3b103) 45 mg, Eisen (Eisen chelat von Glycinhydrat)(3b108) 45 mg, Jod (umh\u00fclltes granuliertes Calciumjodat, wasserfrei) (3b203) 1,8 mg, Mangan (Mangan(II)oxid)(3b502) 30 mg, Mangan (Manganchelat von Glycinhydrat)(3b506) 30mg, Kupfer (Kupfer(II)-sulfat Pentahydrat)(3b405) 7,5mg, Kupfer (Kupfer(II)-chelat von Glycinhydrat)(3b413) 7,5 mg, Zink (Zinkoxid)(3b603) 60 mg, Zink (Zinkchelat von Glycin Hydrat)(3b607) 60 mg, Selen (beschichtetes granuliertes Natriumselenit)(3b802) 0,2mg\/kg, Selen (mit Selen angereicherte inaktivierte Hefen)(3b8.12) 0,2mg.<\/p>\n<p>F\u00fctterungsempfehlung:<\/p>\n<p>Gewicht des Hundes: 1-2 kg<br \/>ruhiger Hund: 33-39 g<br \/>aktiver Hund: 43-55 g<\/p>\n<p>Gewicht des Hundes: 2-10 kg<br \/>ruhiger Hund: 39-187 g<br \/>aktiver Hund: 55-230 g<\/p>\n<p>Gewicht des Hundes: 10-20 kg<br \/>ruhiger Hund: 187-291 g<br \/>aktiver Hund: 230-360 g<\/p>\n<p>Gewicht des Hundes: 20-30 kg<br \/>ruhiger Hund: 291-395 g<br \/>aktiver Hund: 360-490 g<\/p>\n<p>Gewicht des Hundes: 30-50 kg<br \/>ruhiger Hund: 395-579 g<br \/>aktiver Hund: 490-720 g<\/p>\n<p>Gewicht des Hundes: 50-70 kg<br \/>ruhiger Hund: 579-745 g<br \/>aktiver Hund: 720-950 g<\/p>\n<p>Die empfohlene Futtermenge gilt pro Tier und Tag. Das Produkt kann trocken oder mit etwas Wasser gemischt gef\u00fcttert werden. Der Hund sollte immer ausreichend frisches Wasser zur Verf\u00fcgung haben. Jeder Hund ist anders. Die Rasse, das Alter, Temperament und Aktivit\u00e4t des einzelnen Hundes sollte deshalb ber\u00fccksichtigt werden. Im Falle einer \u00c4nderung der F\u00fctterung unbedingt langsam \u00fcber 2 Wochen \u00e4ndern.<\/p>\n","protected":false},"excerpt":{"rendered":"<p>Pet-Star Wild Dinner &#8211; Premium Dog Food Truthahn mit Kartoffel und KichererbsenGetreidefrei &#8211; Grain Free Alleinfuttermittel f\u00fcr Hunde jeden Alters &#8211; Hoher Fleischanteil&#8211; Frei von Gentechnik&#8211; Hypoallergen&#8211; Sensible Verdauung&#8211; Keine k\u00fcnstlichen Farb- und Konservierungsstoffe&#8211; Gluten-frei Zusammensetzung: Truthahnmehl 38%, Kartoffelmehl 32,12%, H\u00fchnerfett 10,4%, Kichererbsenmehl 10%, R\u00fcbenschnitzel 6%, Leberbr\u00fche 2%, Ingwerpulver 0,05%, Kr\u00e4uter und Gew\u00fcrze 0,05% Technologische [&hellip;]<\/p>\n","protected":false},"featured_media":54461,"comment_status":"closed","ping_status":"open","template":"","meta":[],"product_cat":[15756],"product_tag":[],"class_list":{"0":"post-54460","1":"product","2":"type-product","3":"status-publish","4":"has-post-thumbnail","6":"product_cat-wild-dinner-getreidefrei-hundetrockenfutter-pet-starhundewelt-hundetrockenfutter-pet-starhundewelt-getreidefrei","8":"first","9":"instock","10":"taxable","11":"shipping-taxable","12":"purchasable","13":"product-type-simple"},"_links":{"self":[{"href":"https:\/\/all-pets.de\/shop\/wp-json\/wp\/v2\/product\/54460","targetHints":{"allow":["GET"]}}],"collection":[{"href":"https:\/\/all-pets.de\/shop\/wp-json\/wp\/v2\/product"}],"about":[{"href":"https:\/\/all-pets.de\/shop\/wp-json\/wp\/v2\/types\/product"}],"replies":[{"embeddable":true,"href":"https:\/\/all-pets.de\/shop\/wp-json\/wp\/v2\/comments?post=54460"}],"wp:featuredmedia":[{"embeddable":true,"href":"https:\/\/all-pets.de\/shop\/wp-json\/wp\/v2\/media\/54461"}],"wp:attachment":[{"href":"https:\/\/all-pets.de\/shop\/wp-json\/wp\/v2\/media?parent=54460"}],"wp:term":[{"taxonomy":"product_cat","embeddable":true,"href":"https:\/\/all-pets.de\/shop\/wp-json\/wp\/v2\/product_cat?post=54460"},{"taxonomy":"product_tag","embeddable":true,"href":"https:\/\/all-pets.de\/shop\/wp-json\/wp\/v2\/product_tag?post=54460"}],"curies":[{"name":"wp","href":"https:\/\/api.w.org\/{rel}","templated":true}]}}