{"id":54475,"date":"2023-12-12T12:49:39","date_gmt":"2023-12-12T11:49:39","guid":{"rendered":"https:\/\/pet-shopping.de\/shop\/produkt\/karlie-otis-plus-doppelnapfstaender-16-l\/"},"modified":"2023-12-12T12:49:39","modified_gmt":"2023-12-12T11:49:39","slug":"karlie-otis-plus-doppelnapfstaender-16-l","status":"publish","type":"product","link":"https:\/\/all-pets.de\/shop\/produkt\/karlie-otis-plus-doppelnapfstaender-16-l\/","title":{"rendered":"Karlie Otis Plus &#8211; Doppelnapfst\u00e4nder &#8211; 1,6 l"},"content":{"rendered":"<p>Dieser Futternapfst\u00e4nder f\u00fcr zwei N\u00e4pfe ist stabil und leicht in derH\u00f6he verstellbar. Durch das erh\u00f6hte Fressen werden Gelenke geschont undMuskeln entspannen.\u00a0Die Lieferung erfolgt mit zweiEdelstahln\u00e4pfen.\u00a0H\u00f6henverstellbar bis 60 cm.<\/p>\n<p>Fassungsverm\u00f6gen: ca. 1,6 l<br \/>Napfdurchmesser: ca. <span class=\"product-item-name\">14 &#8211; 21 cm<\/span><\/p>\n","protected":false},"excerpt":{"rendered":"<p>Dieser Futternapfst\u00e4nder f\u00fcr zwei N\u00e4pfe ist stabil und leicht in derH\u00f6he verstellbar. Durch das erh\u00f6hte Fressen werden Gelenke geschont undMuskeln entspannen.\u00a0Die Lieferung erfolgt mit zweiEdelstahln\u00e4pfen.\u00a0H\u00f6henverstellbar bis 60 cm. Fassungsverm\u00f6gen: ca. 1,6 lNapfdurchmesser: ca. 14 &#8211; 21 cm<\/p>\n","protected":false},"featured_media":54471,"comment_status":"closed","ping_status":"open","template":"","meta":[],"product_cat":[14149],"product_tag":[],"class_list":{"0":"post-54475","1":"product","2":"type-product","3":"status-publish","4":"has-post-thumbnail","6":"product_cat-napfstaender","8":"first","9":"instock","10":"taxable","11":"shipping-taxable","12":"purchasable","13":"product-type-simple"},"_links":{"self":[{"href":"https:\/\/all-pets.de\/shop\/wp-json\/wp\/v2\/product\/54475","targetHints":{"allow":["GET"]}}],"collection":[{"href":"https:\/\/all-pets.de\/shop\/wp-json\/wp\/v2\/product"}],"about":[{"href":"https:\/\/all-pets.de\/shop\/wp-json\/wp\/v2\/types\/product"}],"replies":[{"embeddable":true,"href":"https:\/\/all-pets.de\/shop\/wp-json\/wp\/v2\/comments?post=54475"}],"wp:featuredmedia":[{"embeddable":true,"href":"https:\/\/all-pets.de\/shop\/wp-json\/wp\/v2\/media\/54471"}],"wp:attachment":[{"href":"https:\/\/all-pets.de\/shop\/wp-json\/wp\/v2\/media?parent=54475"}],"wp:term":[{"taxonomy":"product_cat","embeddable":true,"href":"https:\/\/all-pets.de\/shop\/wp-json\/wp\/v2\/product_cat?post=54475"},{"taxonomy":"product_tag","embeddable":true,"href":"https:\/\/all-pets.de\/shop\/wp-json\/wp\/v2\/product_tag?post=54475"}],"curies":[{"name":"wp","href":"https:\/\/api.w.org\/{rel}","templated":true}]}}