{"id":54485,"date":"2023-12-12T12:49:43","date_gmt":"2023-12-12T11:49:43","guid":{"rendered":"https:\/\/pet-shopping.de\/shop\/produkt\/karlie-halsband-comfort-32cm-grau\/"},"modified":"2023-12-12T12:49:43","modified_gmt":"2023-12-12T11:49:43","slug":"karlie-halsband-comfort-32cm-grau","status":"publish","type":"product","link":"https:\/\/all-pets.de\/shop\/produkt\/karlie-halsband-comfort-32cm-grau\/","title":{"rendered":"Karlie Halsband Comfort &#8211; 32cm &#8211; Grau"},"content":{"rendered":"<p>Das Halsband Comfort in seiner schlichten Eleganz ist eine gelungeneKombination von \u00e4u\u00dferst geschmeidigem, gespaltenem Vollleder auf derOberseite und weichem Nappaleder auf der Unterseite und gew\u00e4hrleisteteinen hohen Tragekomfort f\u00fcr den Hund. Durch die einzelnenProduktionsschritte des Riegelns, Abn\u00e4hens und Buggens entsteht einwertiges, formbest\u00e4ndiges Qualit\u00e4tsprodukt mit weichen, fell- undhautschonenden Kanten.<\/p>\n<p>Gesamtl\u00e4nge: ca. 32 cm<br \/>Breite: ca. 12 mm<br \/>Farbe: grau<\/p>\n","protected":false},"excerpt":{"rendered":"<p>Das Halsband Comfort in seiner schlichten Eleganz ist eine gelungeneKombination von \u00e4u\u00dferst geschmeidigem, gespaltenem Vollleder auf derOberseite und weichem Nappaleder auf der Unterseite und gew\u00e4hrleisteteinen hohen Tragekomfort f\u00fcr den Hund. Durch die einzelnenProduktionsschritte des Riegelns, Abn\u00e4hens und Buggens entsteht einwertiges, formbest\u00e4ndiges Qualit\u00e4tsprodukt mit weichen, fell- undhautschonenden Kanten. Gesamtl\u00e4nge: ca. 32 cmBreite: ca. 12 mmFarbe: grau<\/p>\n","protected":false},"featured_media":35872,"comment_status":"closed","ping_status":"open","template":"","meta":[],"product_cat":[13790],"product_tag":[],"class_list":{"0":"post-54485","1":"product","2":"type-product","3":"status-publish","4":"has-post-thumbnail","6":"product_cat-lederhalsbaender","8":"first","9":"instock","10":"taxable","11":"shipping-taxable","12":"purchasable","13":"product-type-simple"},"_links":{"self":[{"href":"https:\/\/all-pets.de\/shop\/wp-json\/wp\/v2\/product\/54485","targetHints":{"allow":["GET"]}}],"collection":[{"href":"https:\/\/all-pets.de\/shop\/wp-json\/wp\/v2\/product"}],"about":[{"href":"https:\/\/all-pets.de\/shop\/wp-json\/wp\/v2\/types\/product"}],"replies":[{"embeddable":true,"href":"https:\/\/all-pets.de\/shop\/wp-json\/wp\/v2\/comments?post=54485"}],"wp:featuredmedia":[{"embeddable":true,"href":"https:\/\/all-pets.de\/shop\/wp-json\/wp\/v2\/media\/35872"}],"wp:attachment":[{"href":"https:\/\/all-pets.de\/shop\/wp-json\/wp\/v2\/media?parent=54485"}],"wp:term":[{"taxonomy":"product_cat","embeddable":true,"href":"https:\/\/all-pets.de\/shop\/wp-json\/wp\/v2\/product_cat?post=54485"},{"taxonomy":"product_tag","embeddable":true,"href":"https:\/\/all-pets.de\/shop\/wp-json\/wp\/v2\/product_tag?post=54485"}],"curies":[{"name":"wp","href":"https:\/\/api.w.org\/{rel}","templated":true}]}}