{"id":54492,"date":"2023-12-12T12:49:43","date_gmt":"2023-12-12T11:49:43","guid":{"rendered":"https:\/\/pet-shopping.de\/shop\/produkt\/trixie-liegekissen-kaline-creme-grau-44-x-31-cm\/"},"modified":"2023-12-12T12:49:44","modified_gmt":"2023-12-12T11:49:44","slug":"trixie-liegekissen-kaline-creme-grau-44-x-31-cm","status":"publish","type":"product","link":"https:\/\/all-pets.de\/shop\/produkt\/trixie-liegekissen-kaline-creme-grau-44-x-31-cm\/","title":{"rendered":"Trixie Liegekissen Kaline creme\/grau &#8211; 44 \u00d7 31 cm"},"content":{"rendered":"<p>Das ovale Liegekissen Kaline besticht durch seine edle Farbkombi von Wei\u00df und Grau, genauso wie durch seine kuschlige Soft-Pl\u00fcsch-Optik. Die F\u00fcllung besteht aus Polyestervlies und hat eine Dicke von ca. 6-10 cm.<\/p>\n<p>Das Kissen kann wahlweise als Liegekissen oder als Einlage f\u00fcr K\u00f6rbchen genutzt werden.<\/p>\n<p>Der abnehmbare Bezug kann bei 30\u00b0 in der Maschine gewaschen werden. Das Inlett ist bei 30\u00b0 per Handw\u00e4sche zu reinigen. <\/p>\n<p>Farbe: Wei\u00df\/Grau <\/p>\n<p>Gr\u00f6\u00dfe: ca. 44 x 31cm <\/p>\n","protected":false},"excerpt":{"rendered":"<p>Das ovale Liegekissen Kaline besticht durch seine edle Farbkombi von Wei\u00df und Grau, genauso wie durch seine kuschlige Soft-Pl\u00fcsch-Optik. Die F\u00fcllung besteht aus Polyestervlies und hat eine Dicke von ca. 6-10 cm. Das Kissen kann wahlweise als Liegekissen oder als Einlage f\u00fcr K\u00f6rbchen genutzt werden. Der abnehmbare Bezug kann bei 30\u00b0 in der Maschine gewaschen [&hellip;]<\/p>\n","protected":false},"featured_media":54493,"comment_status":"closed","ping_status":"open","template":"","meta":[],"product_cat":[15219],"product_tag":[],"class_list":{"0":"post-54492","1":"product","2":"type-product","3":"status-publish","4":"has-post-thumbnail","6":"product_cat-katzenkissen-katzenbetten-katzenkoerbe-hundebetten-hundekissenkatzenwelt","8":"first","9":"instock","10":"taxable","11":"shipping-taxable","12":"purchasable","13":"product-type-simple"},"_links":{"self":[{"href":"https:\/\/all-pets.de\/shop\/wp-json\/wp\/v2\/product\/54492","targetHints":{"allow":["GET"]}}],"collection":[{"href":"https:\/\/all-pets.de\/shop\/wp-json\/wp\/v2\/product"}],"about":[{"href":"https:\/\/all-pets.de\/shop\/wp-json\/wp\/v2\/types\/product"}],"replies":[{"embeddable":true,"href":"https:\/\/all-pets.de\/shop\/wp-json\/wp\/v2\/comments?post=54492"}],"wp:featuredmedia":[{"embeddable":true,"href":"https:\/\/all-pets.de\/shop\/wp-json\/wp\/v2\/media\/54493"}],"wp:attachment":[{"href":"https:\/\/all-pets.de\/shop\/wp-json\/wp\/v2\/media?parent=54492"}],"wp:term":[{"taxonomy":"product_cat","embeddable":true,"href":"https:\/\/all-pets.de\/shop\/wp-json\/wp\/v2\/product_cat?post=54492"},{"taxonomy":"product_tag","embeddable":true,"href":"https:\/\/all-pets.de\/shop\/wp-json\/wp\/v2\/product_tag?post=54492"}],"curies":[{"name":"wp","href":"https:\/\/api.w.org\/{rel}","templated":true}]}}