{"id":54507,"date":"2023-12-12T12:49:46","date_gmt":"2023-12-12T11:49:46","guid":{"rendered":"https:\/\/pet-shopping.de\/shop\/produkt\/all-for-paws-travel-dog-crate-mat-matte-fuer-transportbox-etc-l-109-x-70-cm\/"},"modified":"2023-12-12T12:49:46","modified_gmt":"2023-12-12T11:49:46","slug":"all-for-paws-travel-dog-crate-mat-matte-fuer-transportbox-etc-l-109-x-70-cm","status":"publish","type":"product","link":"https:\/\/all-pets.de\/shop\/produkt\/all-for-paws-travel-dog-crate-mat-matte-fuer-transportbox-etc-l-109-x-70-cm\/","title":{"rendered":"All for Paws Travel Dog Crate Mat &#8211; Matte f\u00fcr Transportbox etc. &#8211; L \/ 109 x 70 cm"},"content":{"rendered":"<p>Machen Sie die Transportbox Ihres Hundes zu einem Wohlf\u00fchlort!<\/p>\n<p>Das Lammfellimitat, mit dem diese Matte bezogen ist, ist strapazierf\u00e4hig aber zugleich super weich und kuschelig. Die verst\u00e4rkte Posterung in den Kanten bietet zus\u00e4tzlichen Komfort. Die super weiche Polyf\u00fcllung beh\u00e4lt ihre angenehme Form. Ideal geeignet f\u00fcr Transportbox, Kofferraum oder viele andere Gelegenheiten! Die Matte ist maschinenwaschbar.<\/p>\n<p>Ma\u00dfe: ca. 109 x 70 x 7 cm<\/p>\n","protected":false},"excerpt":{"rendered":"<p>Machen Sie die Transportbox Ihres Hundes zu einem Wohlf\u00fchlort! Das Lammfellimitat, mit dem diese Matte bezogen ist, ist strapazierf\u00e4hig aber zugleich super weich und kuschelig. Die verst\u00e4rkte Posterung in den Kanten bietet zus\u00e4tzlichen Komfort. Die super weiche Polyf\u00fcllung beh\u00e4lt ihre angenehme Form. Ideal geeignet f\u00fcr Transportbox, Kofferraum oder viele andere Gelegenheiten! Die Matte ist maschinenwaschbar. [&hellip;]<\/p>\n","protected":false},"featured_media":35954,"comment_status":"closed","ping_status":"open","template":"","meta":[],"product_cat":[15764],"product_tag":[],"class_list":{"0":"post-54507","1":"product","2":"type-product","3":"status-publish","4":"has-post-thumbnail","6":"product_cat-kaefige-zubehoer","8":"first","9":"instock","10":"taxable","11":"shipping-taxable","12":"purchasable","13":"product-type-simple"},"_links":{"self":[{"href":"https:\/\/all-pets.de\/shop\/wp-json\/wp\/v2\/product\/54507","targetHints":{"allow":["GET"]}}],"collection":[{"href":"https:\/\/all-pets.de\/shop\/wp-json\/wp\/v2\/product"}],"about":[{"href":"https:\/\/all-pets.de\/shop\/wp-json\/wp\/v2\/types\/product"}],"replies":[{"embeddable":true,"href":"https:\/\/all-pets.de\/shop\/wp-json\/wp\/v2\/comments?post=54507"}],"wp:featuredmedia":[{"embeddable":true,"href":"https:\/\/all-pets.de\/shop\/wp-json\/wp\/v2\/media\/35954"}],"wp:attachment":[{"href":"https:\/\/all-pets.de\/shop\/wp-json\/wp\/v2\/media?parent=54507"}],"wp:term":[{"taxonomy":"product_cat","embeddable":true,"href":"https:\/\/all-pets.de\/shop\/wp-json\/wp\/v2\/product_cat?post=54507"},{"taxonomy":"product_tag","embeddable":true,"href":"https:\/\/all-pets.de\/shop\/wp-json\/wp\/v2\/product_tag?post=54507"}],"curies":[{"name":"wp","href":"https:\/\/api.w.org\/{rel}","templated":true}]}}