{"id":54531,"date":"2023-12-12T12:49:50","date_gmt":"2023-12-12T11:49:50","guid":{"rendered":"https:\/\/pet-shopping.de\/shop\/produkt\/karlie-futter-wassernapf-cuisine-300-ml-rosa\/"},"modified":"2023-12-12T12:49:51","modified_gmt":"2023-12-12T11:49:51","slug":"karlie-futter-wassernapf-cuisine-300-ml-rosa","status":"publish","type":"product","link":"https:\/\/all-pets.de\/shop\/produkt\/karlie-futter-wassernapf-cuisine-300-ml-rosa\/","title":{"rendered":"Karlie Futter-\/Wassernapf Cuisine &#8211; 300 ml &#8211; Rosa"},"content":{"rendered":"<p><span class=\"productDescription\">Futter- oder Wassernapf f\u00fcr Hunde und Katzen in tollem neuem Knochen-Design und drei aktuellen Farben!<\/span><\/p>\n<p><span class=\"productDescription\"><\/span><span class=\"productDescription\">Extra schwerer Napf mit Grip-Kontrollboden &#8211; der Napf steht absolut fest und sicher! Aus Lustran, High-Premium Qualit\u00e4t, Sp\u00fclmaschinen geeignet.<\/p>\n<p><\/span> <\/p>\n<p><span class=\"productDescription\">Farbe: Rosa<\/span><br \/> Volumen: 300 ml<br \/> Durchmesser: ca. 11 cm<br \/> <span class=\"productDescription\">H\u00f6he: ca. 5 cm<\/span><\/p>\n","protected":false},"excerpt":{"rendered":"<p>Futter- oder Wassernapf f\u00fcr Hunde und Katzen in tollem neuem Knochen-Design und drei aktuellen Farben! Extra schwerer Napf mit Grip-Kontrollboden &#8211; der Napf steht absolut fest und sicher! Aus Lustran, High-Premium Qualit\u00e4t, Sp\u00fclmaschinen geeignet. Farbe: Rosa Volumen: 300 ml Durchmesser: ca. 11 cm H\u00f6he: ca. 5 cm<\/p>\n","protected":false},"featured_media":36172,"comment_status":"closed","ping_status":"open","template":"","meta":[],"product_cat":[14136],"product_tag":[],"class_list":{"0":"post-54531","1":"product","2":"type-product","3":"status-publish","4":"has-post-thumbnail","6":"product_cat-futter-wassernaepfe-katzennaepfe-traenken-futter-wassernaepfekatzenwelt-hundenaepfe-traenken","8":"first","9":"instock","10":"taxable","11":"shipping-taxable","12":"purchasable","13":"product-type-simple"},"_links":{"self":[{"href":"https:\/\/all-pets.de\/shop\/wp-json\/wp\/v2\/product\/54531","targetHints":{"allow":["GET"]}}],"collection":[{"href":"https:\/\/all-pets.de\/shop\/wp-json\/wp\/v2\/product"}],"about":[{"href":"https:\/\/all-pets.de\/shop\/wp-json\/wp\/v2\/types\/product"}],"replies":[{"embeddable":true,"href":"https:\/\/all-pets.de\/shop\/wp-json\/wp\/v2\/comments?post=54531"}],"wp:featuredmedia":[{"embeddable":true,"href":"https:\/\/all-pets.de\/shop\/wp-json\/wp\/v2\/media\/36172"}],"wp:attachment":[{"href":"https:\/\/all-pets.de\/shop\/wp-json\/wp\/v2\/media?parent=54531"}],"wp:term":[{"taxonomy":"product_cat","embeddable":true,"href":"https:\/\/all-pets.de\/shop\/wp-json\/wp\/v2\/product_cat?post=54531"},{"taxonomy":"product_tag","embeddable":true,"href":"https:\/\/all-pets.de\/shop\/wp-json\/wp\/v2\/product_tag?post=54531"}],"curies":[{"name":"wp","href":"https:\/\/api.w.org\/{rel}","templated":true}]}}