{"id":54532,"date":"2023-12-12T12:49:50","date_gmt":"2023-12-12T11:49:50","guid":{"rendered":"https:\/\/pet-shopping.de\/shop\/produkt\/trixie-eat-on-feet-napf-set-2-x-06-l\/"},"modified":"2023-12-12T12:49:51","modified_gmt":"2023-12-12T11:49:51","slug":"trixie-eat-on-feet-napf-set-2-x-06-l","status":"publish","type":"product","link":"https:\/\/all-pets.de\/shop\/produkt\/trixie-eat-on-feet-napf-set-2-x-06-l\/","title":{"rendered":"Trixie Eat On Feet Napf-Set &#8211; 2 x 0,6 L"},"content":{"rendered":"<p>Die Trixie Eat on Feet Napf-Sets f\u00fcr Hunde bestehen aus 2 Keramikn\u00e4pfen in einem pulverbeschichtetem Metallhalter mit rutschfesten Gummif\u00fc\u00dfen.<\/p>\n<p>Die Aufschriften WATER und FOOD au\u00dfen und niedliche Motive am Boden der N\u00e4pfe machen das Komplettset zu einem richtigen Hingucker.\u00a0 <\/p>\n<p>2 x 0,6 L \/ Napfdurchmesser ca. 15 cm<\/p>\n","protected":false},"excerpt":{"rendered":"<p>Die Trixie Eat on Feet Napf-Sets f\u00fcr Hunde bestehen aus 2 Keramikn\u00e4pfen in einem pulverbeschichtetem Metallhalter mit rutschfesten Gummif\u00fc\u00dfen. Die Aufschriften WATER und FOOD au\u00dfen und niedliche Motive am Boden der N\u00e4pfe machen das Komplettset zu einem richtigen Hingucker.\u00a0 2 x 0,6 L \/ Napfdurchmesser ca. 15 cm<\/p>\n","protected":false},"featured_media":36227,"comment_status":"closed","ping_status":"open","template":"","meta":[],"product_cat":[14149],"product_tag":[],"class_list":{"0":"post-54532","1":"product","2":"type-product","3":"status-publish","4":"has-post-thumbnail","6":"product_cat-napfstaender","8":"first","9":"instock","10":"taxable","11":"shipping-taxable","12":"purchasable","13":"product-type-simple"},"_links":{"self":[{"href":"https:\/\/all-pets.de\/shop\/wp-json\/wp\/v2\/product\/54532","targetHints":{"allow":["GET"]}}],"collection":[{"href":"https:\/\/all-pets.de\/shop\/wp-json\/wp\/v2\/product"}],"about":[{"href":"https:\/\/all-pets.de\/shop\/wp-json\/wp\/v2\/types\/product"}],"replies":[{"embeddable":true,"href":"https:\/\/all-pets.de\/shop\/wp-json\/wp\/v2\/comments?post=54532"}],"wp:featuredmedia":[{"embeddable":true,"href":"https:\/\/all-pets.de\/shop\/wp-json\/wp\/v2\/media\/36227"}],"wp:attachment":[{"href":"https:\/\/all-pets.de\/shop\/wp-json\/wp\/v2\/media?parent=54532"}],"wp:term":[{"taxonomy":"product_cat","embeddable":true,"href":"https:\/\/all-pets.de\/shop\/wp-json\/wp\/v2\/product_cat?post=54532"},{"taxonomy":"product_tag","embeddable":true,"href":"https:\/\/all-pets.de\/shop\/wp-json\/wp\/v2\/product_tag?post=54532"}],"curies":[{"name":"wp","href":"https:\/\/api.w.org\/{rel}","templated":true}]}}