{"id":54536,"date":"2023-12-12T12:49:52","date_gmt":"2023-12-12T11:49:52","guid":{"rendered":"https:\/\/pet-shopping.de\/shop\/produkt\/trixie-flash-aktiv-gurt-s-m\/"},"modified":"2023-12-12T12:49:52","modified_gmt":"2023-12-12T11:49:52","slug":"trixie-flash-aktiv-gurt-s-m","status":"publish","type":"product","link":"https:\/\/all-pets.de\/shop\/produkt\/trixie-flash-aktiv-gurt-s-m\/","title":{"rendered":"Trixie Flash Aktiv-Gurt &#8211; S &#8211; M"},"content":{"rendered":"<p>Der &#8218;Flash&#8216; Aktiv-Gurt ist aus hochwertigem Neopren hergestellt und ein idealer Begleiter beim Joggen, Walken und Trekking. Durch seine Anleinfunktion gew\u00e4hrt er Armfreiheit und bietet durch seine vier Taschen die M\u00f6glichkeit, Schl\u00fcssel, Leckerli, Handy etc. unterzubringen. Die Leuchtfunktion sorgt f\u00fcr Sichtbarkeit in D\u00e4mmerung und Dunkelheit und leistet somit einen gro\u00dfen Beitrag zur Sicherheit von Mensch und Tier.<br \/> \u00a0<br \/> Details:<\/p>\n<p>&#8211; reflektierend<br \/> &#8211; Leuchtfunktionen: Blink- und Dauerlicht einstellbar<br \/> &#8211; Sichtweite: bis zu 500 m<br \/> &#8211; inklusive Batterie (f\u00fcr ca. 100 Stunden bei Blinklicht, ca. 50 Stunden bei Dauerlicht)<br \/> &#8211; optimaler Tragekomfort<br \/> &#8211; Anlein-Funktion f\u00fcr Armfreiheit durch zwei parallele Gurte (auch f\u00fcr Roll-Leinen)<br \/> &#8211; 4 Taschen f\u00fcr: Schl\u00fcssel, Leckerli, Handy und Hundekotbeutel<br \/> &#8211; aus hochwertigem, strapazierf\u00e4higem Neopren<br \/> &#8211; Handw\u00e4sche bis 30 \u00b0C<br \/> &#8211; Breite des Gurts hinten ca. 10,5 cm und vorne ca. 16,5 cm<\/p>\n<p>Gr\u00f6\u00dfe S &#8211; M: G\u00fcrtel verstellbar von 72 bis 92 cm<\/p>\n","protected":false},"excerpt":{"rendered":"<p>Der &#8218;Flash&#8216; Aktiv-Gurt ist aus hochwertigem Neopren hergestellt und ein idealer Begleiter beim Joggen, Walken und Trekking. Durch seine Anleinfunktion gew\u00e4hrt er Armfreiheit und bietet durch seine vier Taschen die M\u00f6glichkeit, Schl\u00fcssel, Leckerli, Handy etc. unterzubringen. Die Leuchtfunktion sorgt f\u00fcr Sichtbarkeit in D\u00e4mmerung und Dunkelheit und leistet somit einen gro\u00dfen Beitrag zur Sicherheit von Mensch [&hellip;]<\/p>\n","protected":false},"featured_media":36252,"comment_status":"closed","ping_status":"open","template":"","meta":[],"product_cat":[15775],"product_tag":[],"class_list":{"0":"post-54536","1":"product","2":"type-product","3":"status-publish","4":"has-post-thumbnail","6":"product_cat-gurt-futtertaschen-unterwegs-2","8":"first","9":"instock","10":"taxable","11":"shipping-taxable","12":"purchasable","13":"product-type-simple"},"_links":{"self":[{"href":"https:\/\/all-pets.de\/shop\/wp-json\/wp\/v2\/product\/54536","targetHints":{"allow":["GET"]}}],"collection":[{"href":"https:\/\/all-pets.de\/shop\/wp-json\/wp\/v2\/product"}],"about":[{"href":"https:\/\/all-pets.de\/shop\/wp-json\/wp\/v2\/types\/product"}],"replies":[{"embeddable":true,"href":"https:\/\/all-pets.de\/shop\/wp-json\/wp\/v2\/comments?post=54536"}],"wp:featuredmedia":[{"embeddable":true,"href":"https:\/\/all-pets.de\/shop\/wp-json\/wp\/v2\/media\/36252"}],"wp:attachment":[{"href":"https:\/\/all-pets.de\/shop\/wp-json\/wp\/v2\/media?parent=54536"}],"wp:term":[{"taxonomy":"product_cat","embeddable":true,"href":"https:\/\/all-pets.de\/shop\/wp-json\/wp\/v2\/product_cat?post=54536"},{"taxonomy":"product_tag","embeddable":true,"href":"https:\/\/all-pets.de\/shop\/wp-json\/wp\/v2\/product_tag?post=54536"}],"curies":[{"name":"wp","href":"https:\/\/api.w.org\/{rel}","templated":true}]}}