{"id":54537,"date":"2023-12-12T12:49:52","date_gmt":"2023-12-12T11:49:52","guid":{"rendered":"https:\/\/pet-shopping.de\/shop\/produkt\/trixie-hundeliege-mit-metallgestell-79-x-19-x-50-cm\/"},"modified":"2023-12-12T12:49:52","modified_gmt":"2023-12-12T11:49:52","slug":"trixie-hundeliege-mit-metallgestell-79-x-19-x-50-cm","status":"publish","type":"product","link":"https:\/\/all-pets.de\/shop\/produkt\/trixie-hundeliege-mit-metallgestell-79-x-19-x-50-cm\/","title":{"rendered":"Trixie Hundeliege mit Metallgestell &#8211; 79 \u00d7 19 \u00d7 50 cm"},"content":{"rendered":"<ul>\n<li>Oxford-Polyester<\/li>\n<li>mit stabilem Metallgestell, pulverbeschichtet <\/li>\n<li>Netzstoff sorgt f\u00fcr eine angenehme Abk\u00fchlung an warmen Tagen<\/li>\n<li>zusammenklappbar und platzsparend zu verstauen<\/li>\n<li>mit Tragegriffen<\/li>\n<li>Bezug abnehmbar<\/li>\n<li>bis 15 kg belastbar<\/li>\n<li>mit Gummif\u00fc\u00dfen<\/li>\n<li>Bezug bei 30\u00b0C waschbar<\/li>\n<li>Farbe: grau\/schwarz<\/li>\n<li>Ma\u00dfe: ca. 79 \u00d7 19 \u00d7 50 cm<\/li>\n<\/ul>\n","protected":false},"excerpt":{"rendered":"<p>Oxford-Polyester mit stabilem Metallgestell, pulverbeschichtet Netzstoff sorgt f\u00fcr eine angenehme Abk\u00fchlung an warmen Tagen zusammenklappbar und platzsparend zu verstauen mit Tragegriffen Bezug abnehmbar bis 15 kg belastbar mit Gummif\u00fc\u00dfen Bezug bei 30\u00b0C waschbar Farbe: grau\/schwarz Ma\u00dfe: ca. 79 \u00d7 19 \u00d7 50 cm<\/p>\n","protected":false},"featured_media":54538,"comment_status":"closed","ping_status":"open","template":"","meta":[],"product_cat":[14936],"product_tag":[],"class_list":{"0":"post-54537","1":"product","2":"type-product","3":"status-publish","4":"has-post-thumbnail","6":"product_cat-sofas","8":"first","9":"instock","10":"taxable","11":"shipping-taxable","12":"purchasable","13":"product-type-simple"},"_links":{"self":[{"href":"https:\/\/all-pets.de\/shop\/wp-json\/wp\/v2\/product\/54537","targetHints":{"allow":["GET"]}}],"collection":[{"href":"https:\/\/all-pets.de\/shop\/wp-json\/wp\/v2\/product"}],"about":[{"href":"https:\/\/all-pets.de\/shop\/wp-json\/wp\/v2\/types\/product"}],"replies":[{"embeddable":true,"href":"https:\/\/all-pets.de\/shop\/wp-json\/wp\/v2\/comments?post=54537"}],"wp:featuredmedia":[{"embeddable":true,"href":"https:\/\/all-pets.de\/shop\/wp-json\/wp\/v2\/media\/54538"}],"wp:attachment":[{"href":"https:\/\/all-pets.de\/shop\/wp-json\/wp\/v2\/media?parent=54537"}],"wp:term":[{"taxonomy":"product_cat","embeddable":true,"href":"https:\/\/all-pets.de\/shop\/wp-json\/wp\/v2\/product_cat?post=54537"},{"taxonomy":"product_tag","embeddable":true,"href":"https:\/\/all-pets.de\/shop\/wp-json\/wp\/v2\/product_tag?post=54537"}],"curies":[{"name":"wp","href":"https:\/\/api.w.org\/{rel}","templated":true}]}}