{"id":54555,"date":"2023-12-12T12:49:55","date_gmt":"2023-12-12T11:49:55","guid":{"rendered":"https:\/\/pet-shopping.de\/shop\/produkt\/trixie-zelt-fuer-hunde-110-x-75-x-80-cm\/"},"modified":"2023-12-12T12:49:56","modified_gmt":"2023-12-12T11:49:56","slug":"trixie-zelt-fuer-hunde-110-x-75-x-80-cm","status":"publish","type":"product","link":"https:\/\/all-pets.de\/shop\/produkt\/trixie-zelt-fuer-hunde-110-x-75-x-80-cm\/","title":{"rendered":"Trixie Zelt f\u00fcr Hunde &#8211; 110 \u00d7 75 \u00d7 80 cm"},"content":{"rendered":"<p>Leicht &#038; handlich: f\u00fcr einen entspannten Ausflug mit Vierbeinern<\/p>\n<p>Du gehst mit deinem Hund gerne campen und suchst nach einer M\u00f6glichkeit, deinem pelzigen Freund einen eigenen R\u00fcckzugsort zu bieten? Dann ist das Zelt f\u00fcr Hunde die perfekte Wahl f\u00fcr euch:<\/p>\n<p>Beim Camping mit Hund kann es im eigenen Zelt schnell schmutzig und dreckig werden. Auch wenn dein Tier im Schlaf Ger\u00e4usche macht, sind gemeinsame N\u00e4chte nicht immer erholsam. Mit dem separaten Hunde-Zelt hast du die M\u00f6glichkeit, deinem Hund einen eigenen Liegeplatz zu geben: Das ist vor allem f\u00fcr Tiere, die zu Hause an Hundeboxen oder Kennel gew\u00f6hnt sind, ein tolle Alternative! Die integrierte Lammfelleinlage macht es f\u00fcr den Vierbeiner gem\u00fctlich \u2013 fast wie im heimischen Hunde-Bett.<\/p>\n<p>Das Hunde-Camp ist schnell und einfach auf- und abgebaut und auch f\u00fcr Sicherheit bei Wind ist gesorgt: Das Zelt kann mithilfe von Heringen wie ein normales Zelt gesichert werden. Durch L\u00fcftungsgitter kann Frischluft zirkulieren und sorgt f\u00fcr eine angenehme Atmosph\u00e4re im Zelt \u2013 so wird auch bei Sonne ein angenehm schattiger Platz zu Verweilen geboten.<\/p>\n<p>Ob beim Urlaub auf dem Campingplatz, im Wald, in den Bergen oder am Strand: Das Zelt f\u00fcr Hunde ist eine mobile Hundeh\u00fctte, die deinem Haustier auch auf Reisen einen eigenen, privaten Bereich bietet.<\/p>\n<ul>\n<li>Polyester<\/li>\n<li>Netz am Eingang mit Rei\u00dfverschluss verschlie\u00dfbar<\/li>\n<li>mit L\u00fcftungsgitter auf der R\u00fcckseite<\/li>\n<li>rutschfeste Liegematte in Lammfell-Optik (Polyester) und Schaumstoff-F\u00fcllung<\/li>\n<li>Bezug abnehmbar, Handw\u00e4sche<\/li>\n<li>inklusive Heringe <\/li>\n<li>inklusive Tragetasche<\/li>\n<li>Ma\u00dfe: ca. 110 \u00d7 75 \u00d7 80 cm<\/li>\n<li>Farbe: dunkelgrau\/petrol<\/li>\n<\/ul>\n","protected":false},"excerpt":{"rendered":"<p>Leicht &#038; handlich: f\u00fcr einen entspannten Ausflug mit Vierbeinern Du gehst mit deinem Hund gerne campen und suchst nach einer M\u00f6glichkeit, deinem pelzigen Freund einen eigenen R\u00fcckzugsort zu bieten? Dann ist das Zelt f\u00fcr Hunde die perfekte Wahl f\u00fcr euch: Beim Camping mit Hund kann es im eigenen Zelt schnell schmutzig und dreckig werden. Auch [&hellip;]<\/p>\n","protected":false},"featured_media":54556,"comment_status":"closed","ping_status":"open","template":"","meta":[],"product_cat":[15779],"product_tag":[],"class_list":{"0":"post-54555","1":"product","2":"type-product","3":"status-publish","4":"has-post-thumbnail","6":"product_cat-liegehoehlen-betten-koerbe-hundehuettenhundewelt","8":"first","9":"instock","10":"taxable","11":"shipping-taxable","12":"purchasable","13":"product-type-simple"},"_links":{"self":[{"href":"https:\/\/all-pets.de\/shop\/wp-json\/wp\/v2\/product\/54555","targetHints":{"allow":["GET"]}}],"collection":[{"href":"https:\/\/all-pets.de\/shop\/wp-json\/wp\/v2\/product"}],"about":[{"href":"https:\/\/all-pets.de\/shop\/wp-json\/wp\/v2\/types\/product"}],"replies":[{"embeddable":true,"href":"https:\/\/all-pets.de\/shop\/wp-json\/wp\/v2\/comments?post=54555"}],"wp:featuredmedia":[{"embeddable":true,"href":"https:\/\/all-pets.de\/shop\/wp-json\/wp\/v2\/media\/54556"}],"wp:attachment":[{"href":"https:\/\/all-pets.de\/shop\/wp-json\/wp\/v2\/media?parent=54555"}],"wp:term":[{"taxonomy":"product_cat","embeddable":true,"href":"https:\/\/all-pets.de\/shop\/wp-json\/wp\/v2\/product_cat?post=54555"},{"taxonomy":"product_tag","embeddable":true,"href":"https:\/\/all-pets.de\/shop\/wp-json\/wp\/v2\/product_tag?post=54555"}],"curies":[{"name":"wp","href":"https:\/\/api.w.org\/{rel}","templated":true}]}}