{"id":54565,"date":"2023-12-12T12:49:55","date_gmt":"2023-12-12T11:49:55","guid":{"rendered":"https:\/\/pet-shopping.de\/shop\/produkt\/trixie-kissen-scoopy-kariert-98-x-62-cm\/"},"modified":"2023-12-12T12:49:58","modified_gmt":"2023-12-12T11:49:58","slug":"trixie-kissen-scoopy-kariert-98-x-62-cm","status":"publish","type":"product","link":"https:\/\/all-pets.de\/shop\/produkt\/trixie-kissen-scoopy-kariert-98-x-62-cm\/","title":{"rendered":"Trixie Kissen Scoopy &#8211; kariert &#8211; 98 x 62 cm"},"content":{"rendered":"<ul>\n<li>Baumwoll-Haptik<\/li>\n<li>Polyester-\/Baumwoll-Bezug<\/li>\n<li>Polyestervlies-F\u00fcllung, 4 cm<\/li>\n<li>Bezug abnehmbar<\/li>\n<li>passend f\u00fcr Kunststoffbetten Sleeper<\/li>\n<li>Inlett: Handw\u00e4sche<\/li>\n<li>Farbe: schwarz\/wei\u00df\/grau<\/li>\n<li>Ma\u00dfe: ca. 98 \u00d7 62 cm<\/li>\n<\/ul>\n","protected":false},"excerpt":{"rendered":"<p>Baumwoll-Haptik Polyester-\/Baumwoll-Bezug Polyestervlies-F\u00fcllung, 4 cm Bezug abnehmbar passend f\u00fcr Kunststoffbetten Sleeper Inlett: Handw\u00e4sche Farbe: schwarz\/wei\u00df\/grau Ma\u00dfe: ca. 98 \u00d7 62 cm<\/p>\n","protected":false},"featured_media":54560,"comment_status":"closed","ping_status":"open","template":"","meta":[],"product_cat":[15113],"product_tag":[],"class_list":{"0":"post-54565","1":"product","2":"type-product","3":"status-publish","4":"has-post-thumbnail","6":"product_cat-hundebetten-hundekissen-betten-koerbe","8":"first","9":"instock","10":"taxable","11":"shipping-taxable","12":"purchasable","13":"product-type-simple"},"_links":{"self":[{"href":"https:\/\/all-pets.de\/shop\/wp-json\/wp\/v2\/product\/54565","targetHints":{"allow":["GET"]}}],"collection":[{"href":"https:\/\/all-pets.de\/shop\/wp-json\/wp\/v2\/product"}],"about":[{"href":"https:\/\/all-pets.de\/shop\/wp-json\/wp\/v2\/types\/product"}],"replies":[{"embeddable":true,"href":"https:\/\/all-pets.de\/shop\/wp-json\/wp\/v2\/comments?post=54565"}],"wp:featuredmedia":[{"embeddable":true,"href":"https:\/\/all-pets.de\/shop\/wp-json\/wp\/v2\/media\/54560"}],"wp:attachment":[{"href":"https:\/\/all-pets.de\/shop\/wp-json\/wp\/v2\/media?parent=54565"}],"wp:term":[{"taxonomy":"product_cat","embeddable":true,"href":"https:\/\/all-pets.de\/shop\/wp-json\/wp\/v2\/product_cat?post=54565"},{"taxonomy":"product_tag","embeddable":true,"href":"https:\/\/all-pets.de\/shop\/wp-json\/wp\/v2\/product_tag?post=54565"}],"curies":[{"name":"wp","href":"https:\/\/api.w.org\/{rel}","templated":true}]}}