{"id":54569,"date":"2023-12-12T12:50:00","date_gmt":"2023-12-12T11:50:00","guid":{"rendered":"https:\/\/pet-shopping.de\/shop\/produkt\/dogit-gumi-360-clean-zahnpflegespielzeug-gross\/"},"modified":"2023-12-12T12:50:00","modified_gmt":"2023-12-12T11:50:00","slug":"dogit-gumi-360-clean-zahnpflegespielzeug-gross","status":"publish","type":"product","link":"https:\/\/all-pets.de\/shop\/produkt\/dogit-gumi-360-clean-zahnpflegespielzeug-gross\/","title":{"rendered":"DOGIT GUMI 360\u00b0 Clean Zahnpflegespielzeug &#8211; Gro\u00df"},"content":{"rendered":"<div id=\"test_product_longdesc\">\n<p><strong>Dogit GUMI &#8211; die neuartigen smart konstruierten Spielzeuge zur Zahnpflege bei Hunden!<\/p>\n<p>Ma\u00dfe der gro\u00dfen Variante: ca. 20,5 x 8 cm<br \/> <\/strong><\/p>\n<p>Es m\u00fcssen nicht immer die Zahnb\u00fcrste oder spezielle Snack- oder Futtersorten sein, die die Z\u00e4hne Ihres Hundes gesund erhalten sollen. Auch Hundespielzeug kann Gutes dabei leisten. HAGEN, der Qualit\u00e4tshersteller in Sachen Tierzubeh\u00f6r, hat intensiv an multifunktionalen, einzigartigen L\u00f6sungen gearbeitet und unter dem Namen GUMI drei smarte Hundespielzeuge mit besonderen Eigenschaften entwickelt, um der Zahnpflege kr\u00e4ftig auf die Spr\u00fcnge zu helfen. <\/p>\n<p>Was ist das Besondere an diesen Spielzeugen?<\/p>\n<p>Es sind die spezifischen Konstruktionen und Funktionen des Produktdesigns jedes einzelnen Produkts. Zus\u00e4tzlich zu den besonderen Noppen- und Rillengestaltungen, die Futterreste und Speichel entfernen, um Plaque und schlechtem Atem entgegen zu wirken und das Zahnfleisch zu durchbluten, hat jedes Spielzeug weitere spezifische Funktionen. Jede der drei Varianten ist von Zahn\u00e4rzten empfohlen und in drei verschiedenen Gr\u00f6\u00dfen erh\u00e4ltlich.<\/p>\n<p><strong>Der GUMI 360\u00b0 Clean<br \/> <\/strong><\/p>\n<p> hat 360\u00b0 drehbare Enden, die sich im Maul des Hundes bewegen und daf\u00fcr sorgen, dass rundherum alles sauber bleibt.<\/p>\n<p>Die Gumi-B\u00e4lle, die sich unter dem Nylon verbergen, sorgen f\u00fcr eine Tiefenreinigung, da sie sich \u00fcber die Z\u00e4hne bewegen. Die Entfernung von Ablagerungen auf den Zahnoberfl\u00e4chen ist eine gute Methode, um L\u00f6cher in den Z\u00e4hnen zu bek\u00e4mpfen.<\/p>\n<p>Das stabile Nylonmaterial, welches das Spielzeug umgibt, hilft dabei, Plaque zu entfernen. Die Entfernung von Plaque ist die beste Merhode, um einen Aufbau von Zahnstein und damit L\u00f6cher zu verhindern.<\/p>\n<p>Die weiche GUMI-Beschaffenheit ermuntert zu fortw\u00e4hrendem Spiel. Dabei wird die Kiefermuskulatur trainiert, ohne die Z\u00e4hne zu besch\u00e4digen.<\/p>\n<p align=\"center\"><strong>Gesunde Z\u00e4hne = Gl\u00fccklicher Hund!<\/strong><\/p>\n<\/div>\n","protected":false},"excerpt":{"rendered":"<p>Dogit GUMI &#8211; die neuartigen smart konstruierten Spielzeuge zur Zahnpflege bei Hunden! Ma\u00dfe der gro\u00dfen Variante: ca. 20,5 x 8 cm Es m\u00fcssen nicht immer die Zahnb\u00fcrste oder spezielle Snack- oder Futtersorten sein, die die Z\u00e4hne Ihres Hundes gesund erhalten sollen. Auch Hundespielzeug kann Gutes dabei leisten. HAGEN, der Qualit\u00e4tshersteller in Sachen Tierzubeh\u00f6r, hat intensiv [&hellip;]<\/p>\n","protected":false},"featured_media":36285,"comment_status":"closed","ping_status":"open","template":"","meta":[],"product_cat":[15780],"product_tag":[],"class_list":{"0":"post-54569","1":"product","2":"type-product","3":"status-publish","4":"has-post-thumbnail","6":"product_cat-zahnpflegespielzeug-hundespielzeug-sport-weitere-spielzeugehundewelt","8":"first","9":"instock","10":"taxable","11":"shipping-taxable","12":"purchasable","13":"product-type-simple"},"_links":{"self":[{"href":"https:\/\/all-pets.de\/shop\/wp-json\/wp\/v2\/product\/54569","targetHints":{"allow":["GET"]}}],"collection":[{"href":"https:\/\/all-pets.de\/shop\/wp-json\/wp\/v2\/product"}],"about":[{"href":"https:\/\/all-pets.de\/shop\/wp-json\/wp\/v2\/types\/product"}],"replies":[{"embeddable":true,"href":"https:\/\/all-pets.de\/shop\/wp-json\/wp\/v2\/comments?post=54569"}],"wp:featuredmedia":[{"embeddable":true,"href":"https:\/\/all-pets.de\/shop\/wp-json\/wp\/v2\/media\/36285"}],"wp:attachment":[{"href":"https:\/\/all-pets.de\/shop\/wp-json\/wp\/v2\/media?parent=54569"}],"wp:term":[{"taxonomy":"product_cat","embeddable":true,"href":"https:\/\/all-pets.de\/shop\/wp-json\/wp\/v2\/product_cat?post=54569"},{"taxonomy":"product_tag","embeddable":true,"href":"https:\/\/all-pets.de\/shop\/wp-json\/wp\/v2\/product_tag?post=54569"}],"curies":[{"name":"wp","href":"https:\/\/api.w.org\/{rel}","templated":true}]}}