{"id":54573,"date":"2023-12-12T12:50:00","date_gmt":"2023-12-12T11:50:00","guid":{"rendered":"https:\/\/pet-shopping.de\/shop\/produkt\/trixie-schal-estelle-flieder-l-90-cm\/"},"modified":"2023-12-12T12:50:01","modified_gmt":"2023-12-12T11:50:01","slug":"trixie-schal-estelle-flieder-l-90-cm","status":"publish","type":"product","link":"https:\/\/all-pets.de\/shop\/produkt\/trixie-schal-estelle-flieder-l-90-cm\/","title":{"rendered":"Trixie Schal Estelle &#8211; flieder &#8211; L \/ 90 cm"},"content":{"rendered":"<div class=\"mb-3 row\">\n<div class=\"col\">\n<ul>\n<li>\n<ul>\n<ul>\n<li>Samt-Optik\/Pl\u00fcsch (Polyester)<\/li>\n<li>Farbe: Flieder<\/li>\n<li>Gr\u00f6\u00dfe L: 90 cm <\/li>\n<\/ul>\n<\/ul>\n<\/li>\n<\/ul>\n<\/div>\n<\/div>\n","protected":false},"excerpt":{"rendered":"<p>Samt-Optik\/Pl\u00fcsch (Polyester) Farbe: Flieder Gr\u00f6\u00dfe L: 90 cm<\/p>\n","protected":false},"featured_media":54571,"comment_status":"closed","ping_status":"open","template":"","meta":[],"product_cat":[15784],"product_tag":[],"class_list":{"0":"post-54573","1":"product","2":"type-product","3":"status-publish","4":"has-post-thumbnail","6":"product_cat-funktions-kleidung-unterwegs-funktions-kleidunghundewelt-hundebekleidung-hundebekleidunghundewelt-hunde-x-mashundewelt-hundewelt","8":"first","9":"instock","10":"taxable","11":"shipping-taxable","12":"purchasable","13":"product-type-simple"},"_links":{"self":[{"href":"https:\/\/all-pets.de\/shop\/wp-json\/wp\/v2\/product\/54573","targetHints":{"allow":["GET"]}}],"collection":[{"href":"https:\/\/all-pets.de\/shop\/wp-json\/wp\/v2\/product"}],"about":[{"href":"https:\/\/all-pets.de\/shop\/wp-json\/wp\/v2\/types\/product"}],"replies":[{"embeddable":true,"href":"https:\/\/all-pets.de\/shop\/wp-json\/wp\/v2\/comments?post=54573"}],"wp:featuredmedia":[{"embeddable":true,"href":"https:\/\/all-pets.de\/shop\/wp-json\/wp\/v2\/media\/54571"}],"wp:attachment":[{"href":"https:\/\/all-pets.de\/shop\/wp-json\/wp\/v2\/media?parent=54573"}],"wp:term":[{"taxonomy":"product_cat","embeddable":true,"href":"https:\/\/all-pets.de\/shop\/wp-json\/wp\/v2\/product_cat?post=54573"},{"taxonomy":"product_tag","embeddable":true,"href":"https:\/\/all-pets.de\/shop\/wp-json\/wp\/v2\/product_tag?post=54573"}],"curies":[{"name":"wp","href":"https:\/\/api.w.org\/{rel}","templated":true}]}}