{"id":54582,"date":"2023-12-12T12:50:00","date_gmt":"2023-12-12T11:50:00","guid":{"rendered":"https:\/\/pet-shopping.de\/shop\/produkt\/wolfsblut-wild-boar-125-kg\/"},"modified":"2023-12-12T12:50:02","modified_gmt":"2023-12-12T11:50:02","slug":"wolfsblut-wild-boar-125-kg","status":"publish","type":"product","link":"https:\/\/all-pets.de\/shop\/produkt\/wolfsblut-wild-boar-125-kg\/","title":{"rendered":"Wolfsblut Wild Boar &#8211; 12,5 kg"},"content":{"rendered":"<p>Trockenfutter f\u00fcr ausgewachsene Hunde mit Wildschwein und Kartoffel<br \/> Vorteile<br \/> \u2022 Nur nat\u00fcrliche Inhaltsstoffe<br \/> \u2022 Mit Wildschweinfleisch und Wasserb\u00fcffelfleisch als Hauptbestandteil &#8211; von Wildtieren und Tieren aus der Freilandhaltung<br \/> \u2022 Mit S\u00fc\u00dfkartoffeln &#8211; nach der amerikanischen Gesundheitsbeh\u00f6rde CSPI eines der n\u00e4hrstoffreichsten Gem\u00fcse<br \/> \u2022 Mit Banane und K\u00fcrbis, den gro\u00dfen Lieferanten von Vitaminen und Mineralstoffen<br \/> \u2022 Mit Kaktusfeige, Wei\u00dfe Bete, Wei\u00dfdorn, Brennnessel und ihren nat\u00fcrlich positiven Wirkungen auf die Gesundheit<br \/> \u2022 Ohne Getreide, da Getreide keine nat\u00fcrliche Nahrung f\u00fcr Fleischfresser ist und zu den h\u00e4ufigsten Allergieausl\u00f6sern bei Hunden z\u00e4hlt<br \/> \u2022 Ohne Gluten, industriell hergestellten Zucker, Soja, Geschmacksverst\u00e4rker, chemische Farbstoffe und k\u00fcnstliche Konservierungsmittel, denn Nahrung dient dem langfristigen Erhalt der Gesundheit<br \/> \u2022 Geeignet auch f\u00fcr Allergiker und allergiegef\u00e4hrdete Hunde<br \/> \u2022 Wildschwein- und Wasserb\u00fcffelfleisch zusammen haben einen nat\u00fcrlichen, leicht w\u00fcrzigen Geschmack und werden sehr gerne gefressen<br \/> Alleinfuttermittel &#8211; Tiernahrung<br \/> Die Zusammensetzung des Trockenfutters WILD BOAR orientiert sich an der Nahrung des Wolfs und den Bed\u00fcrfnissen unserer Hunde<br \/> Die Hauptnahrungsquelle des Wolfs, dem Stammvater unserer Hunde, ist nat\u00fcrlich Fleisch und Fisch. Er nimmt aber auch Fr\u00fcchte, Kr\u00e4uter und Gem\u00fcse \u00fcber den Mageninhalt seiner Beutetiere auf oder sucht und frisst diese ganz gezielt. So erh\u00e4lt der Wolf seine ben\u00f6tigten Vitamine, Mineralstoffe, Spurenelemente, Enzyme und sekund\u00e4re Pflanzenstoffe.<br \/> Aus diesem Grund beinhaltet unser Trockenfutter WILD BOAR neben dem Hauptbestandteil Wildschwein- und Wasserb\u00fcffelfleisch auch S\u00fc\u00dfkartoffeln, Banane, K\u00fcrbis, Kaktusfeige, Wei\u00dfe Bete, Wei\u00dfdorn und Brennnessel. WILD BOAR ist aber noch mehr, denn es verbindet die Wolfsnahrung mit den Bed\u00fcrfnissen unserer Hunde. Das geschieht durch die enthaltenen au\u00dfergew\u00f6hnlichen Naturstoffe Moringa und Topinambur<\/p>\n<p> \u2022 Moringa oleifera ist eine Pflanze aus der Familie der Bennussgew\u00e4chse, die aus der Himalaja-Region Nordwestindiens stammt. F\u00fcr S\u00e4ugetiere liegt die Besonderheit von Moringa oleifera in der hohen Konzentration nutzbringender Pflanzenstoffe. Dazu geh\u00f6ren unter anderem:<br \/> o 7 Vitamine (A, B1, B2, B3, C, E, K),<br \/> o Antioxidantien,<br \/> o Omega-3- und Omega-6-Fetts\u00e4uren,<br \/> o 10 Aminos\u00e4uren (Arginin, Histidin, Lysin, Tryptophan, Phenylalanin, Methionin, Threonin, Leucin, Isoleucin, Valin),<br \/> o 14 Mineralstoffe und Spurenelemente, darunter Eisen und Zink.<\/p>\n<p> Offenbar bewirken diese Pflanzenstoffe durch ihre Menge und besondere Kombination eine St\u00e4rkung des Immunsystems bei S\u00e4ugetieren, weshalb Moringa oleifera viele positive Wirkungen f\u00fcr den Erhalt der Gesundheit nachgesagt werden. So belegen mehrere medizinische Studien, dass der Saft von Moringa-oleifera-Bl\u00e4ttern antimikrobiell wirkt, also das Wachstum von Mikroorganismen wie Bakterien hemmt. (1, 2, 3, 4)<br \/> \u2022 Topinambur geh\u00f6rt zur Familie der Korbbl\u00fctler und enth\u00e4lt das Kohlenhydrat Inulin. Eine im Jahr 2006 durchgef\u00fchrte Untersuchung des Instituts f\u00fcr Bakteriologie und Mykologie an der Universit\u00e4t Leipzig kommt zu dem Ergebnis, dass Inulin der Topinambur-Pflanze eine Vermehrung n\u00fctzlicher Bakterien im Dickdarm beg\u00fcnstigt. (5) Eine Studie von Wissenschaftlern um Prof. Dr. Diefenbach vom Institut f\u00fcr Medizinische Mikrobiologie und Hygiene des Universit\u00e4tsklinikums Freiburg kommt zu dem Ergebnis, dass eine gesunde Darmflora die Immunabwehr von S\u00e4ugetieren st\u00e4rkt und diese damit vor verschiedenen Bakterien und Viren sch\u00fctzt (6) <br \/> Eine gro\u00dfe Portion Wildschwein- und Wasserb\u00fcffelfleisch, erg\u00e4nzt um durchdachte Zutaten<\/p>\n<p> Wildschwein- und Wasserb\u00fcffelfleisch<br \/> \u2022 ist kalorienarm,<br \/> \u2022 verf\u00fcgen \u00fcber einen geringen Fett- und Bindegewebsanteil,<br \/> \u2022 besitzen viel leicht verdauliches Eiwei\u00df mit einer hohen biologischen Wertigkeit,<br \/> \u2022 sind reich an Vitaminen der B-Gruppe und den Mineralstoffen Zink, Eisen und Selen<br \/> WILD BOAR Trockenfutter enth\u00e4lt nur Wildschwein- und Wasserb\u00fcffelfleisch in Lebensmittelqualit\u00e4t (vorwiegend Muskelfleisch), das frei von Hormonen und Medikamenten ist<br \/> Das Hundefutter WILD BOAR von Wolfsblut ist die nat\u00fcrliche und artgerechte t\u00e4gliche Nahrung f\u00fcr Ihren Hund. Es verbindet das Urspr\u00fcngliche mit den Bed\u00fcrfnissen der Hunde von heute. Dabei dienen alle Zutaten dieser einzigartigen Kombination dem Erhalt der Gesundheit Ihres Hundes.<br \/> Zusammensetzung:<br \/> Wildschweinfleisch (26 %), getrocknetes Wasserb\u00fcffelfleisch (14 %), Wildschweinfett (9 %), Kartoffel (9 %), S\u00fc\u00dfkartoffel, Banane, Moringa, Kichererbsen, Erbsenprotein, Mineralstoffe, Wei\u00dfe Bete, Fenchel, Topinambur, Pastinake, Quinoa, Papaya, Petersilie, Kaktusfeige, Spinat, M\u00f6hre, Thymian, Majoran, Oregano, Salbei, Brombeeren, Himbeeren, Heidelbeeren, Schwarze Johannisbeeren, Holunderbeeren, Aroniabeeren, Tomaten, Brennnessel, Wei\u00dfdorn, L\u00f6wenzahn, Ginseng<\/p>\n<p> Ern\u00e4hrungsphysiologische Zusatzstoffe pro kg: <br \/> Vitamine: Vitamin A (als Retinylacetat) 21.871 IU, Vitamin D3 (als Cholecalciferol) 1.471 IU, Vitamin E (als Alpha Tocopherol Azetat) 710 IU, Taurin 1.000 mg  Spurenelemente: Eisen 88,96 mg, Kalziumjodat wasserfrei 1,58 mg, Kupfer 23,05 mg, Mangan 40,93 mg, Zink 159,86 mg, Selen 0,23 mg  Aminos\u00e4uren: <br \/> DL-Methionin 2.126 mg, L-Carnithin 82 mg<br \/> Analytische Bestandteile<br \/> Rohprotein 24 %<br \/> Rohfett 18 %<br \/> Rohfaser 3,5 %<br \/> Rohasche 10 %<br \/> Feuchte 8 %<br \/> Calcium 2,11 %<br \/> Phosphor 1,65 %<br \/> F\u00fctterungsempfehlung<br \/> Gewicht des Hundes Futtermenge pro Tag<br \/> 1 &#8211; 5 kg 30 \u2013 100 g<br \/> 5 -15 kg 100 \u2013 220 g<br \/> 15 &#8211; 25 kg 220 \u2013 325 g<br \/> 25 &#8211; 35 kg 325 \u2013 420 g<br \/> 35 &#8211; 45 kg 420 \u2013 505 g<br \/> + 45 kg + 505 g<br \/> Die angegebene Menge dient nur der Orientierung. Die Futtermenge muss entsprechend den individuellen Bed\u00fcrfnissen des Hundes angepasst werden. Jeder Hund ist anders und seine optimale F\u00fctterungsmenge h\u00e4ngt von verschiedenen Faktoren ab, wie Alter, Geschlecht, Aktivit\u00e4t, Stoffwechsel und Umwelteinfl\u00fcssen. Ihr Hund sollte stets frisches Wasser zur Verf\u00fcgung haben.<\/p>\n","protected":false},"excerpt":{"rendered":"<p>Trockenfutter f\u00fcr ausgewachsene Hunde mit Wildschwein und Kartoffel Vorteile \u2022 Nur nat\u00fcrliche Inhaltsstoffe \u2022 Mit Wildschweinfleisch und Wasserb\u00fcffelfleisch als Hauptbestandteil &#8211; von Wildtieren und Tieren aus der Freilandhaltung \u2022 Mit S\u00fc\u00dfkartoffeln &#8211; nach der amerikanischen Gesundheitsbeh\u00f6rde CSPI eines der n\u00e4hrstoffreichsten Gem\u00fcse \u2022 Mit Banane und K\u00fcrbis, den gro\u00dfen Lieferanten von Vitaminen und Mineralstoffen \u2022 Mit [&hellip;]<\/p>\n","protected":false},"featured_media":54583,"comment_status":"closed","ping_status":"open","template":"","meta":[],"product_cat":[15392],"product_tag":[],"class_list":{"0":"post-54582","1":"product","2":"type-product","3":"status-publish","4":"has-post-thumbnail","6":"product_cat-wolfsblut-getreidefrei-hundetrockenfutter-wolfsbluthundewelt-hundetrockenfutter","8":"first","9":"instock","10":"taxable","11":"shipping-taxable","12":"purchasable","13":"product-type-simple"},"_links":{"self":[{"href":"https:\/\/all-pets.de\/shop\/wp-json\/wp\/v2\/product\/54582","targetHints":{"allow":["GET"]}}],"collection":[{"href":"https:\/\/all-pets.de\/shop\/wp-json\/wp\/v2\/product"}],"about":[{"href":"https:\/\/all-pets.de\/shop\/wp-json\/wp\/v2\/types\/product"}],"replies":[{"embeddable":true,"href":"https:\/\/all-pets.de\/shop\/wp-json\/wp\/v2\/comments?post=54582"}],"wp:featuredmedia":[{"embeddable":true,"href":"https:\/\/all-pets.de\/shop\/wp-json\/wp\/v2\/media\/54583"}],"wp:attachment":[{"href":"https:\/\/all-pets.de\/shop\/wp-json\/wp\/v2\/media?parent=54582"}],"wp:term":[{"taxonomy":"product_cat","embeddable":true,"href":"https:\/\/all-pets.de\/shop\/wp-json\/wp\/v2\/product_cat?post=54582"},{"taxonomy":"product_tag","embeddable":true,"href":"https:\/\/all-pets.de\/shop\/wp-json\/wp\/v2\/product_tag?post=54582"}],"curies":[{"name":"wp","href":"https:\/\/api.w.org\/{rel}","templated":true}]}}