{"id":54590,"date":"2023-12-12T12:50:03","date_gmt":"2023-12-12T11:50:03","guid":{"rendered":"https:\/\/pet-shopping.de\/shop\/produkt\/carbone-hundekissen-bomba-60-x-100-cm-blumen-gelb\/"},"modified":"2023-12-12T12:50:04","modified_gmt":"2023-12-12T11:50:04","slug":"carbone-hundekissen-bomba-60-x-100-cm-blumen-gelb","status":"publish","type":"product","link":"https:\/\/all-pets.de\/shop\/produkt\/carbone-hundekissen-bomba-60-x-100-cm-blumen-gelb\/","title":{"rendered":"CARBONE Hundekissen Bomba, 60 x 100 cm &#8211; Blumen-gelb"},"content":{"rendered":"<p>Sehr sch\u00f6nes Hundekissen von CARBONE &#8222;Made in Italy&#8220;<\/p>\n<p>Es handelt sich um ein Wendekissen, das mit seiner Gr\u00f6\u00dfe von ca. 60 x 100 cm f\u00fcr mittelgro\u00dfe bis gro\u00dfe Hunde geeignet ist. Die H\u00fclle besteht aus Baumwolle. Gef\u00fcllt ist das Kissen mit weichem Polyestervlies.<\/p>\n<p>Ihr Hund wird von diesem bequemen Liegeplatz begeistert sein.<\/p>\n<p>Waschbar bei 30 Grad. <\/p>\n","protected":false},"excerpt":{"rendered":"<p>Sehr sch\u00f6nes Hundekissen von CARBONE &#8222;Made in Italy&#8220; Es handelt sich um ein Wendekissen, das mit seiner Gr\u00f6\u00dfe von ca. 60 x 100 cm f\u00fcr mittelgro\u00dfe bis gro\u00dfe Hunde geeignet ist. Die H\u00fclle besteht aus Baumwolle. Gef\u00fcllt ist das Kissen mit weichem Polyestervlies. Ihr Hund wird von diesem bequemen Liegeplatz begeistert sein. Waschbar bei 30 [&hellip;]<\/p>\n","protected":false},"featured_media":36480,"comment_status":"closed","ping_status":"open","template":"","meta":[],"product_cat":[15113],"product_tag":[],"class_list":{"0":"post-54590","1":"product","2":"type-product","3":"status-publish","4":"has-post-thumbnail","6":"product_cat-hundebetten-hundekissen-betten-koerbe","8":"first","9":"instock","10":"taxable","11":"shipping-taxable","12":"purchasable","13":"product-type-simple"},"_links":{"self":[{"href":"https:\/\/all-pets.de\/shop\/wp-json\/wp\/v2\/product\/54590","targetHints":{"allow":["GET"]}}],"collection":[{"href":"https:\/\/all-pets.de\/shop\/wp-json\/wp\/v2\/product"}],"about":[{"href":"https:\/\/all-pets.de\/shop\/wp-json\/wp\/v2\/types\/product"}],"replies":[{"embeddable":true,"href":"https:\/\/all-pets.de\/shop\/wp-json\/wp\/v2\/comments?post=54590"}],"wp:featuredmedia":[{"embeddable":true,"href":"https:\/\/all-pets.de\/shop\/wp-json\/wp\/v2\/media\/36480"}],"wp:attachment":[{"href":"https:\/\/all-pets.de\/shop\/wp-json\/wp\/v2\/media?parent=54590"}],"wp:term":[{"taxonomy":"product_cat","embeddable":true,"href":"https:\/\/all-pets.de\/shop\/wp-json\/wp\/v2\/product_cat?post=54590"},{"taxonomy":"product_tag","embeddable":true,"href":"https:\/\/all-pets.de\/shop\/wp-json\/wp\/v2\/product_tag?post=54590"}],"curies":[{"name":"wp","href":"https:\/\/api.w.org\/{rel}","templated":true}]}}