{"id":54601,"date":"2023-12-12T12:50:05","date_gmt":"2023-12-12T11:50:05","guid":{"rendered":"https:\/\/pet-shopping.de\/shop\/produkt\/back-2-nature-cellulose-10-liter\/"},"modified":"2023-12-12T12:50:06","modified_gmt":"2023-12-12T11:50:06","slug":"back-2-nature-cellulose-10-liter","status":"publish","type":"product","link":"https:\/\/all-pets.de\/shop\/produkt\/back-2-nature-cellulose-10-liter\/","title":{"rendered":"Back-2-Nature Cellulose &#8211; 10 Liter"},"content":{"rendered":"<p>Das speziell entwickeltes Granulat, Back-2-Nature Kleintierstreu, besteht zu \u00fcber 99% aus recyceltem Papier ohne chemische oder andere Zus\u00e4tze.<\/p>\n<h3>Besondere Qualit\u00e4ten der Kleintierstreu:<\/h3>\n<ul>\n<li>Nat\u00fcrliche Geruchsbindung<\/li>\n<li>Keine chemischen oder anderen Zus\u00e4tze<\/li>\n<li>Stark absorbierend \u2013 \u00fcberdurchschnittliche Aufnahmeleistung<\/li>\n<li>F\u00fcr Nagetiere, S\u00e4ugetiere, V\u00f6gel und Reptilien geeignet<\/li>\n<li>Biologisch abbaubar<\/li>\n<li>Sparsam \u2013 langer Gebrauch<\/li>\n<li>Geringes Gewicht \u2013 einfach zu handhaben<\/li>\n<li>Nahezu staubfrei \u2013 hinterl\u00e4sst wenig Spuren &#038; verursacht keine Fu\u00dfbodenflecken<\/li>\n<li>10 Liter und 30 Liter Packungen <\/li>\n<\/ul>\n<h3>Eigenschaften der neuen Verpackung:<\/h3>\n<ul>\n<li>Handgriffe, damit sich die Verpackung leichter anheben, tragen und gebrauchen l\u00e4sst<\/li>\n<li>Praktischer Ausgussstutzen zur Erleichterung des Gie\u00dfens und zur besseren Kontrolle der Ausgussmenge<br \/>\n<h3>Back-2-Nature Verbrauchertipps f\u00fcr Nagetiere:<\/h3>\n<\/li>\n<li>Gie\u00dfen Sie etwa 8 bis 10 cm Kleintierstreu in den Bodenkasten des K\u00e4figs.<\/li>\n<li>Um beste Ergebnisse zu erzielen, ersetzen Sie das Granulat bei Bedarf vollst\u00e4ndig.<\/li>\n<li>Falls sich Ihr Kleintier erst an die neue Streu gew\u00f6hnen muss, beginnen Sie zun\u00e4chst mit einer kleinen Menge des neuen Granulats, welches Sie auf Ihrer herk\u00f6mmlichen Streu verteilen. Vergr\u00f6\u00dfern Sie t\u00e4glich die verwendete Menge des neuen Granulats.<br \/>\n<h3>Back-2-Nature Verbrauchertipps f\u00fcr S\u00e4ugetiere, Reptilien und V\u00f6gel<\/h3>\n<\/li>\n<li>Gie\u00dfen Sie etwa 2 bis 4 cm Kleintierstreu in den Bodenkasten des K\u00e4figs.<\/li>\n<li>Um beste Ergebnisse zu erzielen, entfernen Sie die festen Ausscheidungen regelm\u00e4\u00dfig, und mischen Sie das Granulat auf, um es zu bel\u00fcften. F\u00fcllen Sie bei Bedarf neues Granulat nach, und s\u00e4ubern Sie den Bodenkasten mindestens einmal in der Woche vollst\u00e4ndig. \u00a0<\/li>\n<li>Falls sich Ihr Kleintier erst an die neue Streu gew\u00f6hnen muss, beginnen Sie zun\u00e4chst mit einer kleinen Menge des neuen Granulats, welches Sie auf Ihrer herk\u00f6mmlichen Streu verteilen. Vergr\u00f6\u00dfern Sie t\u00e4glich die verwendete Menge des neuen Granulats.<\/li>\n<\/ul>\n","protected":false},"excerpt":{"rendered":"<p>Das speziell entwickeltes Granulat, Back-2-Nature Kleintierstreu, besteht zu \u00fcber 99% aus recyceltem Papier ohne chemische oder andere Zus\u00e4tze. Besondere Qualit\u00e4ten der Kleintierstreu: Nat\u00fcrliche Geruchsbindung Keine chemischen oder anderen Zus\u00e4tze Stark absorbierend \u2013 \u00fcberdurchschnittliche Aufnahmeleistung F\u00fcr Nagetiere, S\u00e4ugetiere, V\u00f6gel und Reptilien geeignet Biologisch abbaubar Sparsam \u2013 langer Gebrauch Geringes Gewicht \u2013 einfach zu handhaben Nahezu staubfrei [&hellip;]<\/p>\n","protected":false},"featured_media":36521,"comment_status":"closed","ping_status":"open","template":"","meta":[],"product_cat":[14001],"product_tag":[],"class_list":{"0":"post-54601","1":"product","2":"type-product","3":"status-publish","4":"has-post-thumbnail","6":"product_cat-einstreu-nistmaterial-ausstattung-zubehoer-kleintierwelt","8":"first","9":"instock","10":"taxable","11":"shipping-taxable","12":"purchasable","13":"product-type-simple"},"_links":{"self":[{"href":"https:\/\/all-pets.de\/shop\/wp-json\/wp\/v2\/product\/54601","targetHints":{"allow":["GET"]}}],"collection":[{"href":"https:\/\/all-pets.de\/shop\/wp-json\/wp\/v2\/product"}],"about":[{"href":"https:\/\/all-pets.de\/shop\/wp-json\/wp\/v2\/types\/product"}],"replies":[{"embeddable":true,"href":"https:\/\/all-pets.de\/shop\/wp-json\/wp\/v2\/comments?post=54601"}],"wp:featuredmedia":[{"embeddable":true,"href":"https:\/\/all-pets.de\/shop\/wp-json\/wp\/v2\/media\/36521"}],"wp:attachment":[{"href":"https:\/\/all-pets.de\/shop\/wp-json\/wp\/v2\/media?parent=54601"}],"wp:term":[{"taxonomy":"product_cat","embeddable":true,"href":"https:\/\/all-pets.de\/shop\/wp-json\/wp\/v2\/product_cat?post=54601"},{"taxonomy":"product_tag","embeddable":true,"href":"https:\/\/all-pets.de\/shop\/wp-json\/wp\/v2\/product_tag?post=54601"}],"curies":[{"name":"wp","href":"https:\/\/api.w.org\/{rel}","templated":true}]}}