{"id":54609,"date":"2023-12-12T12:50:07","date_gmt":"2023-12-12T11:50:07","guid":{"rendered":"https:\/\/pet-shopping.de\/shop\/produkt\/karlie-halsband-peacock-rot-schwarz-24-cm-10-mm\/"},"modified":"2023-12-12T12:50:08","modified_gmt":"2023-12-12T11:50:08","slug":"karlie-halsband-peacock-rot-schwarz-24-cm-10-mm","status":"publish","type":"product","link":"https:\/\/all-pets.de\/shop\/produkt\/karlie-halsband-peacock-rot-schwarz-24-cm-10-mm\/","title":{"rendered":"Karlie Halsband Peacock &#8211; rot\/schwarz &#8211; 24 cm \/ 10 mm"},"content":{"rendered":"<p>&#8211; Textilgewebe<br \/>&#8211; mit Nappaleder unterlegt<br \/>&#8211; geriegelt<br \/>&#8211; abgen\u00e4ht<br \/>&#8211; gebuggt<br \/>&#8211; verchromte Beschl\u00e4ge<br \/>&#8211; Gesamtl\u00e4nge: ca. 24 cm<br \/>&#8211; Breite: ca. 10 mm<\/p>\n","protected":false},"excerpt":{"rendered":"<p>&#8211; Textilgewebe&#8211; mit Nappaleder unterlegt&#8211; geriegelt&#8211; abgen\u00e4ht&#8211; gebuggt&#8211; verchromte Beschl\u00e4ge&#8211; Gesamtl\u00e4nge: ca. 24 cm&#8211; Breite: ca. 10 mm<\/p>\n","protected":false},"featured_media":54606,"comment_status":"closed","ping_status":"open","template":"","meta":[],"product_cat":[13940],"product_tag":[],"class_list":{"0":"post-54609","1":"product","2":"type-product","3":"status-publish","4":"has-post-thumbnail","6":"product_cat-weitere-halsbaender","8":"first","9":"instock","10":"taxable","11":"shipping-taxable","12":"purchasable","13":"product-type-simple"},"_links":{"self":[{"href":"https:\/\/all-pets.de\/shop\/wp-json\/wp\/v2\/product\/54609","targetHints":{"allow":["GET"]}}],"collection":[{"href":"https:\/\/all-pets.de\/shop\/wp-json\/wp\/v2\/product"}],"about":[{"href":"https:\/\/all-pets.de\/shop\/wp-json\/wp\/v2\/types\/product"}],"replies":[{"embeddable":true,"href":"https:\/\/all-pets.de\/shop\/wp-json\/wp\/v2\/comments?post=54609"}],"wp:featuredmedia":[{"embeddable":true,"href":"https:\/\/all-pets.de\/shop\/wp-json\/wp\/v2\/media\/54606"}],"wp:attachment":[{"href":"https:\/\/all-pets.de\/shop\/wp-json\/wp\/v2\/media?parent=54609"}],"wp:term":[{"taxonomy":"product_cat","embeddable":true,"href":"https:\/\/all-pets.de\/shop\/wp-json\/wp\/v2\/product_cat?post=54609"},{"taxonomy":"product_tag","embeddable":true,"href":"https:\/\/all-pets.de\/shop\/wp-json\/wp\/v2\/product_tag?post=54609"}],"curies":[{"name":"wp","href":"https:\/\/api.w.org\/{rel}","templated":true}]}}