{"id":54614,"date":"2023-12-12T12:50:07","date_gmt":"2023-12-12T11:50:07","guid":{"rendered":"https:\/\/pet-shopping.de\/shop\/produkt\/karlie-flamingo-bogie-disc-laufscheibe-mit-korkbeschichtung-25-cm\/"},"modified":"2023-12-12T12:50:08","modified_gmt":"2023-12-12T11:50:08","slug":"karlie-flamingo-bogie-disc-laufscheibe-mit-korkbeschichtung-25-cm","status":"publish","type":"product","link":"https:\/\/all-pets.de\/shop\/produkt\/karlie-flamingo-bogie-disc-laufscheibe-mit-korkbeschichtung-25-cm\/","title":{"rendered":"Karlie Flamingo Bogie Disc Laufscheibe mit Korkbeschichtung &#8211; 25 cm"},"content":{"rendered":"<p>Die Laufscheibe Bogie Disc stellt eine gute Alternative zu einem \u00fcblichen Laufrad dar, da das Tier auf der Scheibe eine bessere K\u00f6rperhaltung einnimmt. <\/p>\n<p>Die Laufscheibe aus Holz ist mit Kork beschichtet, was die F\u00fc\u00dfe des Tieres schont und zugleich f\u00fcr besseren Halt auf dem Laufteller sorgt. Das eingebaute Kugellager macht die Laufscheibe besonders leise.<\/p>\n<p>Durchmesser: ca. 25 cm<\/p>\n","protected":false},"excerpt":{"rendered":"<p>Die Laufscheibe Bogie Disc stellt eine gute Alternative zu einem \u00fcblichen Laufrad dar, da das Tier auf der Scheibe eine bessere K\u00f6rperhaltung einnimmt. Die Laufscheibe aus Holz ist mit Kork beschichtet, was die F\u00fc\u00dfe des Tieres schont und zugleich f\u00fcr besseren Halt auf dem Laufteller sorgt. Das eingebaute Kugellager macht die Laufscheibe besonders leise. Durchmesser: [&hellip;]<\/p>\n","protected":false},"featured_media":36562,"comment_status":"closed","ping_status":"open","template":"","meta":[],"product_cat":[15082],"product_tag":[],"class_list":{"0":"post-54614","1":"product","2":"type-product","3":"status-publish","4":"has-post-thumbnail","6":"product_cat-laufraeder-ausstattung-zubehoer-kleintierwelt","8":"first","9":"instock","10":"taxable","11":"shipping-taxable","12":"purchasable","13":"product-type-simple"},"_links":{"self":[{"href":"https:\/\/all-pets.de\/shop\/wp-json\/wp\/v2\/product\/54614","targetHints":{"allow":["GET"]}}],"collection":[{"href":"https:\/\/all-pets.de\/shop\/wp-json\/wp\/v2\/product"}],"about":[{"href":"https:\/\/all-pets.de\/shop\/wp-json\/wp\/v2\/types\/product"}],"replies":[{"embeddable":true,"href":"https:\/\/all-pets.de\/shop\/wp-json\/wp\/v2\/comments?post=54614"}],"wp:featuredmedia":[{"embeddable":true,"href":"https:\/\/all-pets.de\/shop\/wp-json\/wp\/v2\/media\/36562"}],"wp:attachment":[{"href":"https:\/\/all-pets.de\/shop\/wp-json\/wp\/v2\/media?parent=54614"}],"wp:term":[{"taxonomy":"product_cat","embeddable":true,"href":"https:\/\/all-pets.de\/shop\/wp-json\/wp\/v2\/product_cat?post=54614"},{"taxonomy":"product_tag","embeddable":true,"href":"https:\/\/all-pets.de\/shop\/wp-json\/wp\/v2\/product_tag?post=54614"}],"curies":[{"name":"wp","href":"https:\/\/api.w.org\/{rel}","templated":true}]}}