{"id":54623,"date":"2023-12-12T12:50:10","date_gmt":"2023-12-12T11:50:10","guid":{"rendered":"https:\/\/pet-shopping.de\/shop\/produkt\/flexi-rollleine-style-gurt-weiss-s\/"},"modified":"2023-12-12T12:50:10","modified_gmt":"2023-12-12T11:50:10","slug":"flexi-rollleine-style-gurt-weiss-s","status":"publish","type":"product","link":"https:\/\/all-pets.de\/shop\/produkt\/flexi-rollleine-style-gurt-weiss-s\/","title":{"rendered":"Flexi Rollleine STYLE Gurt &#8211; wei\u00df \/ S"},"content":{"rendered":"<ul>\n<li>mit Softgriff<\/li>\n<li>Gr\u00f6\u00dfe S<\/li>\n<li>L\u00e4nge 3m<\/li>\n<li>f\u00fcr ein K\u00f6rpergewicht bis 12kg<\/li>\n<li>Farbe: wei\u00df<\/li>\n<\/ul>\n","protected":false},"excerpt":{"rendered":"<p>mit Softgriff Gr\u00f6\u00dfe S L\u00e4nge 3m f\u00fcr ein K\u00f6rpergewicht bis 12kg Farbe: wei\u00df<\/p>\n","protected":false},"featured_media":36611,"comment_status":"closed","ping_status":"open","template":"","meta":[],"product_cat":[15321],"product_tag":[],"class_list":{"0":"post-54623","1":"product","2":"type-product","3":"status-publish","4":"has-post-thumbnail","6":"product_cat-roll-leinen","8":"first","9":"instock","10":"taxable","11":"shipping-taxable","12":"purchasable","13":"product-type-simple"},"_links":{"self":[{"href":"https:\/\/all-pets.de\/shop\/wp-json\/wp\/v2\/product\/54623","targetHints":{"allow":["GET"]}}],"collection":[{"href":"https:\/\/all-pets.de\/shop\/wp-json\/wp\/v2\/product"}],"about":[{"href":"https:\/\/all-pets.de\/shop\/wp-json\/wp\/v2\/types\/product"}],"replies":[{"embeddable":true,"href":"https:\/\/all-pets.de\/shop\/wp-json\/wp\/v2\/comments?post=54623"}],"wp:featuredmedia":[{"embeddable":true,"href":"https:\/\/all-pets.de\/shop\/wp-json\/wp\/v2\/media\/36611"}],"wp:attachment":[{"href":"https:\/\/all-pets.de\/shop\/wp-json\/wp\/v2\/media?parent=54623"}],"wp:term":[{"taxonomy":"product_cat","embeddable":true,"href":"https:\/\/all-pets.de\/shop\/wp-json\/wp\/v2\/product_cat?post=54623"},{"taxonomy":"product_tag","embeddable":true,"href":"https:\/\/all-pets.de\/shop\/wp-json\/wp\/v2\/product_tag?post=54623"}],"curies":[{"name":"wp","href":"https:\/\/api.w.org\/{rel}","templated":true}]}}